{"id":110627,"date":"2025-12-08T20:47:25","date_gmt":"2025-12-08T17:47:25","guid":{"rendered":"https:\/\/baldumarket.lt\/?post_type=product&#038;p=110627"},"modified":"2026-04-13T18:43:45","modified_gmt":"2026-04-13T15:43:45","slug":"windsor-b-372-fameg","status":"publish","type":"product","link":"https:\/\/baldumarket.lt\/lt\/product\/windsor-b-372-fameg\/","title":{"rendered":"Vindzoras B-372 Fameg"},"content":{"rendered":"<p>\u201eWindsor\u201c \u2013 tai kolekcija, kuri\u0105 sudaro b\u016bdinga k\u0117d\u0117s ir fotelio forma. Rankomis \u0161lifuoti atlo\u0161o laipteliai atskleid\u017eia dekoratyvin\u012f faneros ra\u0161t\u0105. Profiliuotos kojel\u0117s, atlo\u0161as ir jungtys suteikia kolekcijai labai skulpt\u016bri\u0161k\u0105 charakter\u012f. Tai unikalus modelis, kuris m\u0117gsta dominuoti interjeruose.<br \/>\n#bentwood #famegcollection #vintage <\/p>","protected":false},"excerpt":{"rendered":"<p>\u201eWindsor\u201c \u2013 tai kolekcija, kuri\u0105 sudaro b\u016bdinga k\u0117d\u0117s ir fotelio forma. Rankomis \u0161lifuoti atlo\u0161o laipteliai atskleid\u017eia dekoratyvin\u012f faneros ra\u0161t\u0105. Profiliuotos kojel\u0117s, atlo\u0161as ir jungtys suteikia kolekcijai labai skulpt\u016bri\u0161k\u0105 charakter\u012f. Tai unikalus modelis, kuris m\u0117gsta dominuoti interjeruose. #lenkta mediena #fameg kolekcija #vinta\u017ein\u0117<\/p>","protected":false},"featured_media":110309,"comment_status":"open","ping_status":"closed","template":"","meta":[],"product_brand":[],"product_cat":[1930,2256],"product_tag":[],"class_list":{"0":"post-110627","1":"product","2":"type-product","3":"status-publish","4":"has-post-thumbnail","6":"product_cat-chairs","7":"product_cat-fameg","9":"first","10":"instock","11":"shipping-taxable","12":"product-type-grouped"},"_links":{"self":[{"href":"https:\/\/baldumarket.lt\/lt\/wp-json\/wp\/v2\/product\/110627","targetHints":{"allow":["GET"]}}],"collection":[{"href":"https:\/\/baldumarket.lt\/lt\/wp-json\/wp\/v2\/product"}],"about":[{"href":"https:\/\/baldumarket.lt\/lt\/wp-json\/wp\/v2\/types\/product"}],"replies":[{"embeddable":true,"href":"https:\/\/baldumarket.lt\/lt\/wp-json\/wp\/v2\/comments?post=110627"}],"wp:featuredmedia":[{"embeddable":true,"href":"https:\/\/baldumarket.lt\/lt\/wp-json\/wp\/v2\/media\/110309"}],"wp:attachment":[{"href":"https:\/\/baldumarket.lt\/lt\/wp-json\/wp\/v2\/media?parent=110627"}],"wp:term":[{"taxonomy":"product_brand","embeddable":true,"href":"https:\/\/baldumarket.lt\/lt\/wp-json\/wp\/v2\/product_brand?post=110627"},{"taxonomy":"product_cat","embeddable":true,"href":"https:\/\/baldumarket.lt\/lt\/wp-json\/wp\/v2\/product_cat?post=110627"},{"taxonomy":"product_tag","embeddable":true,"href":"https:\/\/baldumarket.lt\/lt\/wp-json\/wp\/v2\/product_tag?post=110627"}],"curies":[{"name":"wp","href":"https:\/\/api.w.org\/{rel}","templated":true}]}}