{"id":110625,"date":"2025-12-08T20:47:25","date_gmt":"2025-12-08T17:47:25","guid":{"rendered":"https:\/\/baldumarket.lt\/?post_type=product&#038;p=110625"},"modified":"2026-02-03T23:41:36","modified_gmt":"2026-02-03T20:41:36","slug":"wilma-stk-1910-fameg","status":"publish","type":"product","link":"https:\/\/baldumarket.lt\/lt\/product\/wilma-stk-1910-fameg\/","title":{"rendered":"Wilma STK-1910 Fameg"},"content":{"rendered":"<p>Dizainas: Ehl\u00e9n Johansson<br \/>\n\u201eWilma\u201c kavos staliukas gim\u0117 i\u0161 susi\u017eav\u0117jimo unikalia ir i\u0161skirtine \u0161i\u0173 dien\u0173 medienos lenkimo technika. Stiklinis stalvir\u0161is u\u017etikrina, kad lengva medin\u0117 konstrukcija i\u0161likt\u0173 d\u0117mesio centre.<\/p>","protected":false},"excerpt":{"rendered":"<p>Dizainas: Ehl\u00e9n Johansson \u201eWilma\u201c kavos staliukas gim\u0117 i\u0161 susi\u017eav\u0117jimo unikalia ir i\u0161skirtine \u0161i\u0173 dien\u0173 medienos lenkimo technika. Stiklinis stalvir\u0161is u\u017etikrina, kad lengva medin\u0117 konstrukcija i\u0161likt\u0173 d\u0117mesio centre.<\/p>","protected":false},"featured_media":110243,"comment_status":"open","ping_status":"closed","template":"","meta":[],"product_brand":[],"product_cat":[866,2256],"product_tag":[],"class_list":{"0":"post-110625","1":"product","2":"type-product","3":"status-publish","4":"has-post-thumbnail","6":"product_cat-coffee-tables","7":"product_cat-fameg","9":"first","10":"instock","11":"shipping-taxable","12":"product-type-grouped"},"_links":{"self":[{"href":"https:\/\/baldumarket.lt\/lt\/wp-json\/wp\/v2\/product\/110625","targetHints":{"allow":["GET"]}}],"collection":[{"href":"https:\/\/baldumarket.lt\/lt\/wp-json\/wp\/v2\/product"}],"about":[{"href":"https:\/\/baldumarket.lt\/lt\/wp-json\/wp\/v2\/types\/product"}],"replies":[{"embeddable":true,"href":"https:\/\/baldumarket.lt\/lt\/wp-json\/wp\/v2\/comments?post=110625"}],"wp:featuredmedia":[{"embeddable":true,"href":"https:\/\/baldumarket.lt\/lt\/wp-json\/wp\/v2\/media\/110243"}],"wp:attachment":[{"href":"https:\/\/baldumarket.lt\/lt\/wp-json\/wp\/v2\/media?parent=110625"}],"wp:term":[{"taxonomy":"product_brand","embeddable":true,"href":"https:\/\/baldumarket.lt\/lt\/wp-json\/wp\/v2\/product_brand?post=110625"},{"taxonomy":"product_cat","embeddable":true,"href":"https:\/\/baldumarket.lt\/lt\/wp-json\/wp\/v2\/product_cat?post=110625"},{"taxonomy":"product_tag","embeddable":true,"href":"https:\/\/baldumarket.lt\/lt\/wp-json\/wp\/v2\/product_tag?post=110625"}],"curies":[{"name":"wp","href":"https:\/\/api.w.org\/{rel}","templated":true}]}}