{"id":110617,"date":"2025-12-08T20:47:01","date_gmt":"2025-12-08T17:47:01","guid":{"rendered":"https:\/\/baldumarket.lt\/?post_type=product&#038;p=110617"},"modified":"2026-04-30T22:35:07","modified_gmt":"2026-04-30T19:35:07","slug":"ufo-bst-9972-61-fameg","status":"publish","type":"product","link":"https:\/\/baldumarket.lt\/lt\/product\/ufo-bst-9972-61-fameg\/","title":{"rendered":"NSO BST-9972\/61 Fameg"},"content":{"rendered":"<p>\u201eUfo\u201c \u2013 universali ir itin populiari medin\u0117 baro k\u0117d\u0117. Apvali\u0105 s\u0117dyn\u0119 remia keturios tiesios buko kojel\u0117s. \u201eUfo\u201c kolekcija si\u016bloma su kieta s\u0117dyne ir apmu\u0161ta, trij\u0173 skirting\u0173 auk\u0161\u010di\u0173: 460\/650\/750.<\/p>","protected":false},"excerpt":{"rendered":"<p>\u201eUfo\u201c \u2013 universali ir itin populiari medin\u0117 baro k\u0117d\u0117. Apvali\u0105 s\u0117dyn\u0119 remia keturios tiesios buko kojel\u0117s. \u201eUfo\u201c kolekcija si\u016bloma su kieta s\u0117dyne ir apmu\u0161ta, trij\u0173 skirting\u0173 auk\u0161\u010di\u0173: 460\/650\/750.<\/p>","protected":false},"featured_media":109975,"comment_status":"open","ping_status":"closed","template":"","meta":[],"product_brand":[],"product_cat":[1930,2256,2451],"product_tag":[],"class_list":{"0":"post-110617","1":"product","2":"type-product","3":"status-publish","4":"has-post-thumbnail","6":"product_cat-chairs","7":"product_cat-fameg","8":"product_cat-fameg-chairs","10":"first","11":"instock","12":"shipping-taxable","13":"product-type-grouped"},"_links":{"self":[{"href":"https:\/\/baldumarket.lt\/lt\/wp-json\/wp\/v2\/product\/110617","targetHints":{"allow":["GET"]}}],"collection":[{"href":"https:\/\/baldumarket.lt\/lt\/wp-json\/wp\/v2\/product"}],"about":[{"href":"https:\/\/baldumarket.lt\/lt\/wp-json\/wp\/v2\/types\/product"}],"replies":[{"embeddable":true,"href":"https:\/\/baldumarket.lt\/lt\/wp-json\/wp\/v2\/comments?post=110617"}],"wp:featuredmedia":[{"embeddable":true,"href":"https:\/\/baldumarket.lt\/lt\/wp-json\/wp\/v2\/media\/109975"}],"wp:attachment":[{"href":"https:\/\/baldumarket.lt\/lt\/wp-json\/wp\/v2\/media?parent=110617"}],"wp:term":[{"taxonomy":"product_brand","embeddable":true,"href":"https:\/\/baldumarket.lt\/lt\/wp-json\/wp\/v2\/product_brand?post=110617"},{"taxonomy":"product_cat","embeddable":true,"href":"https:\/\/baldumarket.lt\/lt\/wp-json\/wp\/v2\/product_cat?post=110617"},{"taxonomy":"product_tag","embeddable":true,"href":"https:\/\/baldumarket.lt\/lt\/wp-json\/wp\/v2\/product_tag?post=110617"}],"curies":[{"name":"wp","href":"https:\/\/api.w.org\/{rel}","templated":true}]}}