{"id":110614,"date":"2025-12-08T20:47:00","date_gmt":"2025-12-08T17:47:00","guid":{"rendered":"https:\/\/baldumarket.lt\/?post_type=product&#038;p=110614"},"modified":"2026-02-03T23:41:38","modified_gmt":"2026-02-03T20:41:38","slug":"tulip-2-b-9608-1-fameg","status":"publish","type":"product","link":"https:\/\/baldumarket.lt\/lt\/product\/tulip-2-b-9608-1-fameg\/","title":{"rendered":"Tulip.2 B-9608\/1 Fameg"},"content":{"rendered":"<p>\u201eTulip\u201c \u2013 viena populiariausi\u0173 baro k\u0117d\u017ei\u0173 ir tabureti\u0173 r\u016b\u0161i\u0173, da\u017enai naudojama bistro ir kavin\u0117se. Kolekcijoje gausu modeli\u0173: nuo faneros atlo\u0161\u0173 iki visi\u0161kai apmu\u0161t\u0173, skirtingo storio apmu\u0161t\u0173 s\u0117dyni\u0173 ir k\u0117d\u017ei\u0173 su porankiais arba be j\u0173.<\/p>","protected":false},"excerpt":{"rendered":"<p>\u201eTulip\u201c \u2013 viena populiariausi\u0173 baro k\u0117d\u017ei\u0173 ir tabureti\u0173 r\u016b\u0161i\u0173, da\u017enai naudojama bistro ir kavin\u0117se. Kolekcijoje gausu modeli\u0173: nuo faneros atlo\u0161\u0173 iki visi\u0161kai apmu\u0161t\u0173, skirtingo storio apmu\u0161t\u0173 s\u0117dyni\u0173 ir k\u0117d\u017ei\u0173 su porankiais arba be j\u0173.<\/p>","protected":false},"featured_media":109875,"comment_status":"open","ping_status":"closed","template":"","meta":[],"product_brand":[],"product_cat":[1930,2256],"product_tag":[],"class_list":{"0":"post-110614","1":"product","2":"type-product","3":"status-publish","4":"has-post-thumbnail","6":"product_cat-chairs","7":"product_cat-fameg","9":"first","10":"instock","11":"shipping-taxable","12":"product-type-grouped"},"_links":{"self":[{"href":"https:\/\/baldumarket.lt\/lt\/wp-json\/wp\/v2\/product\/110614","targetHints":{"allow":["GET"]}}],"collection":[{"href":"https:\/\/baldumarket.lt\/lt\/wp-json\/wp\/v2\/product"}],"about":[{"href":"https:\/\/baldumarket.lt\/lt\/wp-json\/wp\/v2\/types\/product"}],"replies":[{"embeddable":true,"href":"https:\/\/baldumarket.lt\/lt\/wp-json\/wp\/v2\/comments?post=110614"}],"wp:featuredmedia":[{"embeddable":true,"href":"https:\/\/baldumarket.lt\/lt\/wp-json\/wp\/v2\/media\/109875"}],"wp:attachment":[{"href":"https:\/\/baldumarket.lt\/lt\/wp-json\/wp\/v2\/media?parent=110614"}],"wp:term":[{"taxonomy":"product_brand","embeddable":true,"href":"https:\/\/baldumarket.lt\/lt\/wp-json\/wp\/v2\/product_brand?post=110614"},{"taxonomy":"product_cat","embeddable":true,"href":"https:\/\/baldumarket.lt\/lt\/wp-json\/wp\/v2\/product_cat?post=110614"},{"taxonomy":"product_tag","embeddable":true,"href":"https:\/\/baldumarket.lt\/lt\/wp-json\/wp\/v2\/product_tag?post=110614"}],"curies":[{"name":"wp","href":"https:\/\/api.w.org\/{rel}","templated":true}]}}