{"id":110606,"date":"2025-12-08T20:46:57","date_gmt":"2025-12-08T17:46:57","guid":{"rendered":"https:\/\/baldumarket.lt\/?post_type=product&#038;p=110606"},"modified":"2026-02-03T23:41:39","modified_gmt":"2026-02-03T20:41:39","slug":"toscano-st-2318-fameg","status":"publish","type":"product","link":"https:\/\/baldumarket.lt\/lt\/product\/toscano-st-2318-fameg\/","title":{"rendered":"Toscano ST-2318 Fameg"},"content":{"rendered":"<p>Dizainas: Pawlak &amp; Stawarski<br \/>\nKlasikin\u0117s formos stal\u0173 kolekcija, papildyta \u0161velniomis, \u0161iuolaiki\u0161komis detal\u0117mis \u2013 u\u017eapvalintais stalvir\u0161io ir r\u0117mo kra\u0161tais. \u0160ios detal\u0117s suteikia baldams jauki\u0105 i\u0161vaizd\u0105 ir u\u017etikrina, kad naudojimo metu liestume tik \u0161velnius, malonius kra\u0161tus. Nuo\u017eulnios, siaur\u0117jan\u010dios kojel\u0117s suteikia stalams nesenstan\u010dio elegancijos.<\/p>","protected":false},"excerpt":{"rendered":"<p>Dizainas: Pawlak &amp; Stawarski. Klasikin\u0117s formos stal\u0173 kolekcija, papildyta \u0161velniomis, \u0161iuolaiki\u0161komis detal\u0117mis \u2013 u\u017eapvalintais stalvir\u0161io ir r\u0117mo kra\u0161tais. \u0160ios detal\u0117s suteikia baldams jauki\u0105 i\u0161vaizd\u0105 ir u\u017etikrina, kad naudojimo metu liestume tik \u0161velnius, malonius kra\u0161tus. Nuo\u017eulnios, siaur\u0117jan\u010dios kojel\u0117s suteikia [\u2026]<\/p>","protected":false},"featured_media":109614,"comment_status":"open","ping_status":"closed","template":"","meta":[],"product_brand":[],"product_cat":[2256,1934],"product_tag":[],"class_list":{"0":"post-110606","1":"product","2":"type-product","3":"status-publish","4":"has-post-thumbnail","6":"product_cat-fameg","7":"product_cat-tables","9":"first","10":"instock","11":"shipping-taxable","12":"product-type-grouped"},"_links":{"self":[{"href":"https:\/\/baldumarket.lt\/lt\/wp-json\/wp\/v2\/product\/110606","targetHints":{"allow":["GET"]}}],"collection":[{"href":"https:\/\/baldumarket.lt\/lt\/wp-json\/wp\/v2\/product"}],"about":[{"href":"https:\/\/baldumarket.lt\/lt\/wp-json\/wp\/v2\/types\/product"}],"replies":[{"embeddable":true,"href":"https:\/\/baldumarket.lt\/lt\/wp-json\/wp\/v2\/comments?post=110606"}],"wp:featuredmedia":[{"embeddable":true,"href":"https:\/\/baldumarket.lt\/lt\/wp-json\/wp\/v2\/media\/109614"}],"wp:attachment":[{"href":"https:\/\/baldumarket.lt\/lt\/wp-json\/wp\/v2\/media?parent=110606"}],"wp:term":[{"taxonomy":"product_brand","embeddable":true,"href":"https:\/\/baldumarket.lt\/lt\/wp-json\/wp\/v2\/product_brand?post=110606"},{"taxonomy":"product_cat","embeddable":true,"href":"https:\/\/baldumarket.lt\/lt\/wp-json\/wp\/v2\/product_cat?post=110606"},{"taxonomy":"product_tag","embeddable":true,"href":"https:\/\/baldumarket.lt\/lt\/wp-json\/wp\/v2\/product_tag?post=110606"}],"curies":[{"name":"wp","href":"https:\/\/api.w.org\/{rel}","templated":true}]}}