{"id":110605,"date":"2025-12-08T20:46:57","date_gmt":"2025-12-08T17:46:57","guid":{"rendered":"https:\/\/baldumarket.lt\/?post_type=product&#038;p=110605"},"modified":"2026-04-13T18:08:23","modified_gmt":"2026-04-13T15:08:23","slug":"tivoli-wardrobe-4d-fameg","status":"publish","type":"product","link":"https:\/\/baldumarket.lt\/lt\/product\/tivoli-wardrobe-4d-fameg\/","title":{"rendered":"Tivoli spinta 4D Fameg"},"content":{"rendered":"<p>\u201eTivoli\u201c kolekcijos spintos yra puikus pavyzdys, kaip k\u016brybi\u0161kai galima derinti gro\u017e\u012f ir prakti\u0161kum\u0105. I\u0161orinis ap\u0161vietimas storose spint\u0173 \u0161onuose suteikia miegamajam \u0161ilt\u0105 ir jauk\u0173 klimat\u0105, o nuoseklus vidinis spint\u0173 ap\u0161vietimas, naudojant judesio jutikl\u012f, suteikia magijos kibirk\u0161t\u0117l\u0119. Prakti\u0161kas ir gerai apgalvotas vidinio spintos pavir\u0161iaus padalijimas leid\u017eia i\u0161laikyti nepriekai\u0161ting\u0105 tvark\u0105 d\u0117l erdvi\u0173 \u012fvairaus plo\u010dio lentyn\u0173 ir gili\u0173 stal\u010di\u0173.<\/p>","protected":false},"excerpt":{"rendered":"<p>\u201eTivoli\u201c kolekcijos spintos yra puikus pavyzdys, kaip k\u016brybi\u0161kai galima derinti gro\u017e\u012f ir prakti\u0161kum\u0105. I\u0161orinis ap\u0161vietimas storose spint\u0173 \u0161onuose suteikia miegamajam \u0161ilt\u0105 ir jauk\u0173 klimat\u0105, o nuoseklus vidinis spint\u0173 ap\u0161vietimas, naudojant judesio jutikl\u012f, suteikia jaukumo [\u2026]<\/p>","protected":false},"featured_media":109581,"comment_status":"open","ping_status":"closed","template":"","meta":[],"product_brand":[],"product_cat":[2256,1177],"product_tag":[],"class_list":{"0":"post-110605","1":"product","2":"type-product","3":"status-publish","4":"has-post-thumbnail","6":"product_cat-fameg","7":"product_cat-wardrobes","9":"first","10":"instock","11":"shipping-taxable","12":"product-type-grouped"},"_links":{"self":[{"href":"https:\/\/baldumarket.lt\/lt\/wp-json\/wp\/v2\/product\/110605","targetHints":{"allow":["GET"]}}],"collection":[{"href":"https:\/\/baldumarket.lt\/lt\/wp-json\/wp\/v2\/product"}],"about":[{"href":"https:\/\/baldumarket.lt\/lt\/wp-json\/wp\/v2\/types\/product"}],"replies":[{"embeddable":true,"href":"https:\/\/baldumarket.lt\/lt\/wp-json\/wp\/v2\/comments?post=110605"}],"wp:featuredmedia":[{"embeddable":true,"href":"https:\/\/baldumarket.lt\/lt\/wp-json\/wp\/v2\/media\/109581"}],"wp:attachment":[{"href":"https:\/\/baldumarket.lt\/lt\/wp-json\/wp\/v2\/media?parent=110605"}],"wp:term":[{"taxonomy":"product_brand","embeddable":true,"href":"https:\/\/baldumarket.lt\/lt\/wp-json\/wp\/v2\/product_brand?post=110605"},{"taxonomy":"product_cat","embeddable":true,"href":"https:\/\/baldumarket.lt\/lt\/wp-json\/wp\/v2\/product_cat?post=110605"},{"taxonomy":"product_tag","embeddable":true,"href":"https:\/\/baldumarket.lt\/lt\/wp-json\/wp\/v2\/product_tag?post=110605"}],"curies":[{"name":"wp","href":"https:\/\/api.w.org\/{rel}","templated":true}]}}