{"id":110594,"date":"2025-12-08T20:46:34","date_gmt":"2025-12-08T17:46:34","guid":{"rendered":"https:\/\/baldumarket.lt\/?post_type=product&#038;p=110594"},"modified":"2026-02-03T23:41:41","modified_gmt":"2026-02-03T20:41:41","slug":"tari-a-0501-fameg","status":"publish","type":"product","link":"https:\/\/baldumarket.lt\/lt\/product\/tari-a-0501-fameg\/","title":{"rendered":"Tari A-0501 Fameg"},"content":{"rendered":"<p>Dizainas: Charaziak Design<br \/>\n\u201eTari\u201c \u2013 vienintel\u0117 sulankstoma k\u0117d\u0117 m\u016bs\u0173 pasi\u016blyme. Pagaminta i\u0161 lenktos ir profiliuotos faneros, ji idealiai tinka laikinai \u012frengtoms erdv\u0117ms, tokioms kaip dirbtuv\u0117s ar konferencij\u0173 sal\u0117s. K\u0117d\u0117 turi mobilius stovus 4 ir 8 k\u0117d\u0117ms, kurie palengvina sand\u0117liavim\u0105 ir transportavim\u0105.<\/p>","protected":false},"excerpt":{"rendered":"<p>Dizainas: \u201eCharaziak Design Tari\u201c \u2013 vienintel\u0117 sulankstoma k\u0117d\u0117 m\u016bs\u0173 pasi\u016blyme. Pagaminta i\u0161 lenktos ir profiliuotos faneros, ji idealiai tinka laikinai \u012frengtoms erdv\u0117ms, tokioms kaip dirbtuv\u0117s ar konferencij\u0173 sal\u0117s. K\u0117d\u0117 turi mobilius stovus 4 ir 8 k\u0117d\u0117ms, kurie palengvina sand\u0117liavim\u0105 ir transportavim\u0105.<\/p>","protected":false},"featured_media":109233,"comment_status":"open","ping_status":"closed","template":"","meta":[],"product_brand":[],"product_cat":[1930,2256],"product_tag":[],"class_list":{"0":"post-110594","1":"product","2":"type-product","3":"status-publish","4":"has-post-thumbnail","6":"product_cat-chairs","7":"product_cat-fameg","9":"first","10":"instock","11":"shipping-taxable","12":"product-type-grouped"},"_links":{"self":[{"href":"https:\/\/baldumarket.lt\/lt\/wp-json\/wp\/v2\/product\/110594","targetHints":{"allow":["GET"]}}],"collection":[{"href":"https:\/\/baldumarket.lt\/lt\/wp-json\/wp\/v2\/product"}],"about":[{"href":"https:\/\/baldumarket.lt\/lt\/wp-json\/wp\/v2\/types\/product"}],"replies":[{"embeddable":true,"href":"https:\/\/baldumarket.lt\/lt\/wp-json\/wp\/v2\/comments?post=110594"}],"wp:featuredmedia":[{"embeddable":true,"href":"https:\/\/baldumarket.lt\/lt\/wp-json\/wp\/v2\/media\/109233"}],"wp:attachment":[{"href":"https:\/\/baldumarket.lt\/lt\/wp-json\/wp\/v2\/media?parent=110594"}],"wp:term":[{"taxonomy":"product_brand","embeddable":true,"href":"https:\/\/baldumarket.lt\/lt\/wp-json\/wp\/v2\/product_brand?post=110594"},{"taxonomy":"product_cat","embeddable":true,"href":"https:\/\/baldumarket.lt\/lt\/wp-json\/wp\/v2\/product_cat?post=110594"},{"taxonomy":"product_tag","embeddable":true,"href":"https:\/\/baldumarket.lt\/lt\/wp-json\/wp\/v2\/product_tag?post=110594"}],"curies":[{"name":"wp","href":"https:\/\/api.w.org\/{rel}","templated":true}]}}