{"id":110593,"date":"2025-12-08T20:46:33","date_gmt":"2025-12-08T17:46:33","guid":{"rendered":"https:\/\/baldumarket.lt\/?post_type=product&#038;p=110593"},"modified":"2026-02-03T23:41:41","modified_gmt":"2026-02-03T20:41:41","slug":"t-9739-46-fameg","status":"publish","type":"product","link":"https:\/\/baldumarket.lt\/lt\/product\/t-9739-46-fameg\/","title":{"rendered":"T-9739\/46 Fameg"},"content":{"rendered":"<p><strong>Produkto apra\u0161ymas<\/strong><\/p>\n<p>Klasikin\u0117 \u201eFameg\u201c taburet\u0117 virtuvei ir svetainei T-9739\/46 \u017eavi savo stiliumi ir detal\u0117mis. \u0160is labai originalus baldas sukurtas naudojant rankinio buko stryp\u0173 lenkimo technologij\u0105, tod\u0117l bus itin patvarus. Taburet\u0117 si\u016bloma \u012fvairi\u0173 spalv\u0173, kuri\u0173 ra\u0161tai i\u0161vardyti gaminio vedlyje.<\/p>","protected":false},"excerpt":{"rendered":"<p><strong>Produkto parametrai<\/strong><\/p>\n<p>Plotis: 37 cm<br \/>\nGylis: 37 cm<br \/>\nAuk\u0161tis: 46 cm<br \/>\nBald\u0173 spalva: pasirinkti gaminio vedlyje<br \/>\nKoja: tvirta buko mediena<br \/>\nStilius: Klasikinis<br \/>\nGarantija: 2 metai<\/p>","protected":false},"featured_media":109203,"comment_status":"open","ping_status":"closed","template":"","meta":[],"product_brand":[],"product_cat":[1930,2256,9119,2451],"product_tag":[],"class_list":{"0":"post-110593","1":"product","2":"type-product","3":"status-publish","4":"has-post-thumbnail","6":"product_cat-chairs","7":"product_cat-fameg","8":"product_cat-fameg-bar-chairs","9":"product_cat-fameg-chairs","11":"first","12":"instock","13":"shipping-taxable","14":"product-type-grouped"},"_links":{"self":[{"href":"https:\/\/baldumarket.lt\/lt\/wp-json\/wp\/v2\/product\/110593","targetHints":{"allow":["GET"]}}],"collection":[{"href":"https:\/\/baldumarket.lt\/lt\/wp-json\/wp\/v2\/product"}],"about":[{"href":"https:\/\/baldumarket.lt\/lt\/wp-json\/wp\/v2\/types\/product"}],"replies":[{"embeddable":true,"href":"https:\/\/baldumarket.lt\/lt\/wp-json\/wp\/v2\/comments?post=110593"}],"wp:featuredmedia":[{"embeddable":true,"href":"https:\/\/baldumarket.lt\/lt\/wp-json\/wp\/v2\/media\/109203"}],"wp:attachment":[{"href":"https:\/\/baldumarket.lt\/lt\/wp-json\/wp\/v2\/media?parent=110593"}],"wp:term":[{"taxonomy":"product_brand","embeddable":true,"href":"https:\/\/baldumarket.lt\/lt\/wp-json\/wp\/v2\/product_brand?post=110593"},{"taxonomy":"product_cat","embeddable":true,"href":"https:\/\/baldumarket.lt\/lt\/wp-json\/wp\/v2\/product_cat?post=110593"},{"taxonomy":"product_tag","embeddable":true,"href":"https:\/\/baldumarket.lt\/lt\/wp-json\/wp\/v2\/product_tag?post=110593"}],"curies":[{"name":"wp","href":"https:\/\/api.w.org\/{rel}","templated":true}]}}