{"id":110580,"date":"2025-12-08T20:46:07","date_gmt":"2025-12-08T17:46:07","guid":{"rendered":"https:\/\/baldumarket.lt\/?post_type=product&#038;p=110580"},"modified":"2026-04-12T18:03:47","modified_gmt":"2026-04-12T15:03:47","slug":"solid-b-9449-fameg-2","status":"publish","type":"product","link":"https:\/\/baldumarket.lt\/lt\/product\/solid-b-9449-fameg-2\/","title":{"rendered":"Kietas B-9449 Fameg"},"content":{"rendered":"<p>Dizainas: R&amp;D Fameg<br \/>\n\u201eSolid\u201c \u2013 klasikin\u0117, kone ikoni\u0161ka staliaus k\u0117d\u0117 ir baro taburet\u0117. Paprastas, universalus, patvarus \u2013 tai dizaino pavyzdys, puikiai tinkantis \u012fvairiose erdv\u0117se daugel\u012f de\u0161imtme\u010di\u0173. \u201eSolid\u201c kolekcija si\u016bloma \u012fvairi\u0173 variant\u0173: visi\u0161kai medin\u0117, su apmu\u0161ta s\u0117dyne ir atlo\u0161u, su porankiais arba be j\u0173.<\/p>","protected":false},"excerpt":{"rendered":"<p>Dizainas: \u201eR&amp;D Fameg Solid\u201c \u2013 klasikin\u0117, kone ikoni\u0161ka staliaus k\u0117d\u0117 ir baro k\u0117d\u0117. Paprastas, universalus, patvarus \u2013 tai dizaino pavyzdys, puikiai tinkantis \u012fvairiose erdv\u0117se daugel\u012f de\u0161imtme\u010di\u0173. \u201eSolid\u201c kolekcija si\u016bloma \u012fvairi\u0173 variant\u0173: visi\u0161kai medin\u0117, su apmu\u0161ta s\u0117dyne ir atlo\u0161u, su porankiais arba be j\u0173.<\/p>","protected":false},"featured_media":108772,"comment_status":"open","ping_status":"closed","template":"","meta":[],"product_brand":[],"product_cat":[1930,2256],"product_tag":[],"class_list":{"0":"post-110580","1":"product","2":"type-product","3":"status-publish","4":"has-post-thumbnail","6":"product_cat-chairs","7":"product_cat-fameg","9":"first","10":"instock","11":"shipping-taxable","12":"product-type-grouped"},"_links":{"self":[{"href":"https:\/\/baldumarket.lt\/lt\/wp-json\/wp\/v2\/product\/110580","targetHints":{"allow":["GET"]}}],"collection":[{"href":"https:\/\/baldumarket.lt\/lt\/wp-json\/wp\/v2\/product"}],"about":[{"href":"https:\/\/baldumarket.lt\/lt\/wp-json\/wp\/v2\/types\/product"}],"replies":[{"embeddable":true,"href":"https:\/\/baldumarket.lt\/lt\/wp-json\/wp\/v2\/comments?post=110580"}],"wp:featuredmedia":[{"embeddable":true,"href":"https:\/\/baldumarket.lt\/lt\/wp-json\/wp\/v2\/media\/108772"}],"wp:attachment":[{"href":"https:\/\/baldumarket.lt\/lt\/wp-json\/wp\/v2\/media?parent=110580"}],"wp:term":[{"taxonomy":"product_brand","embeddable":true,"href":"https:\/\/baldumarket.lt\/lt\/wp-json\/wp\/v2\/product_brand?post=110580"},{"taxonomy":"product_cat","embeddable":true,"href":"https:\/\/baldumarket.lt\/lt\/wp-json\/wp\/v2\/product_cat?post=110580"},{"taxonomy":"product_tag","embeddable":true,"href":"https:\/\/baldumarket.lt\/lt\/wp-json\/wp\/v2\/product_tag?post=110580"}],"curies":[{"name":"wp","href":"https:\/\/api.w.org\/{rel}","templated":true}]}}