{"id":110570,"date":"2025-12-08T20:46:04","date_gmt":"2025-12-08T17:46:04","guid":{"rendered":"https:\/\/baldumarket.lt\/?post_type=product&#038;p=110570"},"modified":"2026-02-03T23:41:44","modified_gmt":"2026-02-03T20:41:44","slug":"skip-b-1524-fameg","status":"publish","type":"product","link":"https:\/\/baldumarket.lt\/lt\/product\/skip-b-1524-fameg\/","title":{"rendered":"Skip B-1524 Fameg"},"content":{"rendered":"<p>Dizainas: STROOG Andrzej L\u0119cko\u015b<br \/>\n\u201eSkip\u201c \u2013 patogus fotelis, pasi\u017eymintis \u0161velniomis ir harmoningomis formomis. Jo apvali, subtili forma puikiai dera prie restoran\u0173, vie\u0161bu\u010di\u0173 ir but\u0173 interjero.<\/p>","protected":false},"excerpt":{"rendered":"<p>Dizainas: STROOG Andrzej L\u0119cko\u015b \u201eSkip\u201c \u2013 patogus fotelis, pasi\u017eymintis \u0161velniomis ir harmoningomis formomis. Apvali, subtili forma puikiai dera restoran\u0173, vie\u0161bu\u010di\u0173 ir but\u0173 interjeruose.<\/p>","protected":false},"featured_media":108440,"comment_status":"open","ping_status":"closed","template":"","meta":[],"product_brand":[],"product_cat":[1930,2256],"product_tag":[],"class_list":{"0":"post-110570","1":"product","2":"type-product","3":"status-publish","4":"has-post-thumbnail","6":"product_cat-chairs","7":"product_cat-fameg","9":"first","10":"instock","11":"shipping-taxable","12":"product-type-grouped"},"_links":{"self":[{"href":"https:\/\/baldumarket.lt\/lt\/wp-json\/wp\/v2\/product\/110570","targetHints":{"allow":["GET"]}}],"collection":[{"href":"https:\/\/baldumarket.lt\/lt\/wp-json\/wp\/v2\/product"}],"about":[{"href":"https:\/\/baldumarket.lt\/lt\/wp-json\/wp\/v2\/types\/product"}],"replies":[{"embeddable":true,"href":"https:\/\/baldumarket.lt\/lt\/wp-json\/wp\/v2\/comments?post=110570"}],"wp:featuredmedia":[{"embeddable":true,"href":"https:\/\/baldumarket.lt\/lt\/wp-json\/wp\/v2\/media\/108440"}],"wp:attachment":[{"href":"https:\/\/baldumarket.lt\/lt\/wp-json\/wp\/v2\/media?parent=110570"}],"wp:term":[{"taxonomy":"product_brand","embeddable":true,"href":"https:\/\/baldumarket.lt\/lt\/wp-json\/wp\/v2\/product_brand?post=110570"},{"taxonomy":"product_cat","embeddable":true,"href":"https:\/\/baldumarket.lt\/lt\/wp-json\/wp\/v2\/product_cat?post=110570"},{"taxonomy":"product_tag","embeddable":true,"href":"https:\/\/baldumarket.lt\/lt\/wp-json\/wp\/v2\/product_tag?post=110570"}],"curies":[{"name":"wp","href":"https:\/\/api.w.org\/{rel}","templated":true}]}}