{"id":110567,"date":"2025-12-08T20:45:41","date_gmt":"2025-12-08T17:45:41","guid":{"rendered":"https:\/\/baldumarket.lt\/?post_type=product&#038;p=110567"},"modified":"2026-02-03T23:41:45","modified_gmt":"2026-02-03T20:41:45","slug":"senales-tv-cupboard-01-fameg","status":"publish","type":"product","link":"https:\/\/baldumarket.lt\/lt\/product\/senales-tv-cupboard-01-fameg\/","title":{"rendered":"Senales TV spintel\u0117 01 Fameg"},"content":{"rendered":"<p>Beveik kiekvienuose namuose centrin\u0117je svetain\u0117s vietoje stovi televizoriaus spintel\u0117, kuri tarnauja kaip \u0161eimos pramog\u0173 centras. \u201eSenales\u201c kolekcijos televizoriaus spintel\u0117 turi \u0105\u017euolines nuo\u017eulnias kojeles, kurios sustiprina viso bloko lengvumo \u012fsp\u016bd\u012f. Specialus, diskreti\u0161kas kabelio \u017eiedas yra esminis spintel\u0117s bruo\u017eas. Jis leid\u017eia prijungti vis\u0105 spintel\u0117s viduje esan\u010di\u0105 \u012frang\u0105 prie maitinimo \u0161altinio. Spintel\u0117 taip pat turi special\u0173 lizd\u0105 vir\u0161uje, leid\u017eiant\u012f prijungti ant spintel\u0117s stovin\u010di\u0105 \u012frang\u0105, pvz., televizori\u0173 ar garso \u012frang\u0105.<\/p>","protected":false},"excerpt":{"rendered":"<p>Beveik kiekvienuose namuose centrin\u0117je svetain\u0117s vietoje stovi televizoriaus spintel\u0117, kuri tarnauja kaip \u0161eimos pramog\u0173 centras. \u201eSenales\u201c kolekcijos televizoriaus spintel\u0117 turi \u0105\u017euolines nuo\u017eulnias kojeles, kurios sustiprina viso bloko lengvumo \u012fsp\u016bd\u012f. Speciali, diskreti\u0161ka kabelio \u012fvor\u0117 yra esminis \u0161io baldo bruo\u017eas.<\/p>","protected":false},"featured_media":108342,"comment_status":"open","ping_status":"closed","template":"","meta":[],"product_brand":[],"product_cat":[2256,1175],"product_tag":[],"class_list":{"0":"post-110567","1":"product","2":"type-product","3":"status-publish","4":"has-post-thumbnail","6":"product_cat-fameg","7":"product_cat-tv-stands","9":"first","10":"instock","11":"shipping-taxable","12":"product-type-grouped"},"_links":{"self":[{"href":"https:\/\/baldumarket.lt\/lt\/wp-json\/wp\/v2\/product\/110567","targetHints":{"allow":["GET"]}}],"collection":[{"href":"https:\/\/baldumarket.lt\/lt\/wp-json\/wp\/v2\/product"}],"about":[{"href":"https:\/\/baldumarket.lt\/lt\/wp-json\/wp\/v2\/types\/product"}],"replies":[{"embeddable":true,"href":"https:\/\/baldumarket.lt\/lt\/wp-json\/wp\/v2\/comments?post=110567"}],"wp:featuredmedia":[{"embeddable":true,"href":"https:\/\/baldumarket.lt\/lt\/wp-json\/wp\/v2\/media\/108342"}],"wp:attachment":[{"href":"https:\/\/baldumarket.lt\/lt\/wp-json\/wp\/v2\/media?parent=110567"}],"wp:term":[{"taxonomy":"product_brand","embeddable":true,"href":"https:\/\/baldumarket.lt\/lt\/wp-json\/wp\/v2\/product_brand?post=110567"},{"taxonomy":"product_cat","embeddable":true,"href":"https:\/\/baldumarket.lt\/lt\/wp-json\/wp\/v2\/product_cat?post=110567"},{"taxonomy":"product_tag","embeddable":true,"href":"https:\/\/baldumarket.lt\/lt\/wp-json\/wp\/v2\/product_tag?post=110567"}],"curies":[{"name":"wp","href":"https:\/\/api.w.org\/{rel}","templated":true}]}}