{"id":110560,"date":"2025-12-08T20:45:39","date_gmt":"2025-12-08T17:45:39","guid":{"rendered":"https:\/\/baldumarket.lt\/?post_type=product&#038;p=110560"},"modified":"2026-04-13T16:47:21","modified_gmt":"2026-04-13T13:47:21","slug":"senales-coffee-table-stk-fameg","status":"publish","type":"product","link":"https:\/\/baldumarket.lt\/lt\/product\/senales-coffee-table-stk-fameg\/","title":{"rendered":"Senales kavos staliukas STK Fameg"},"content":{"rendered":"<p>Kavos staliukas su dizaineri\u0173 kurtais plieniniais ratukais, nuda\u017eytais milteliniu b\u016bdu aliuminio spalva, i\u0161 \u012fprasto stalo tapo mobiliu. Ratukai padengti guminiu \u017eiedu, tod\u0117l grindys nesibrai\u017eo. Dviejuose erdviuose stal\u010diuose tilps daiktai, kuri\u0173 visada norime tur\u0117ti po ranka.<\/p>","protected":false},"excerpt":{"rendered":"<p>Kavos staliukas su dizaineri\u0173 kurtais plieniniais ratukais, nuda\u017eytais milteliniu b\u016bdu aliuminio spalva, i\u0161 \u012fprasto stalo tapo mobiliu. Ratukai padengti guminiu \u017eiedu, tod\u0117l grindys nesibrai\u017eo. Dviejuose erdviuose stal\u010diuose tilps daiktai, kuri\u0173 visada norime tur\u0117ti po ranka.<\/p>","protected":false},"featured_media":108117,"comment_status":"open","ping_status":"closed","template":"","meta":[],"product_brand":[],"product_cat":[866,2256],"product_tag":[],"class_list":{"0":"post-110560","1":"product","2":"type-product","3":"status-publish","4":"has-post-thumbnail","6":"product_cat-coffee-tables","7":"product_cat-fameg","9":"first","10":"instock","11":"shipping-taxable","12":"product-type-grouped"},"_links":{"self":[{"href":"https:\/\/baldumarket.lt\/lt\/wp-json\/wp\/v2\/product\/110560","targetHints":{"allow":["GET"]}}],"collection":[{"href":"https:\/\/baldumarket.lt\/lt\/wp-json\/wp\/v2\/product"}],"about":[{"href":"https:\/\/baldumarket.lt\/lt\/wp-json\/wp\/v2\/types\/product"}],"replies":[{"embeddable":true,"href":"https:\/\/baldumarket.lt\/lt\/wp-json\/wp\/v2\/comments?post=110560"}],"wp:featuredmedia":[{"embeddable":true,"href":"https:\/\/baldumarket.lt\/lt\/wp-json\/wp\/v2\/media\/108117"}],"wp:attachment":[{"href":"https:\/\/baldumarket.lt\/lt\/wp-json\/wp\/v2\/media?parent=110560"}],"wp:term":[{"taxonomy":"product_brand","embeddable":true,"href":"https:\/\/baldumarket.lt\/lt\/wp-json\/wp\/v2\/product_brand?post=110560"},{"taxonomy":"product_cat","embeddable":true,"href":"https:\/\/baldumarket.lt\/lt\/wp-json\/wp\/v2\/product_cat?post=110560"},{"taxonomy":"product_tag","embeddable":true,"href":"https:\/\/baldumarket.lt\/lt\/wp-json\/wp\/v2\/product_tag?post=110560"}],"curies":[{"name":"wp","href":"https:\/\/api.w.org\/{rel}","templated":true}]}}