{"id":110554,"date":"2025-12-08T20:45:37","date_gmt":"2025-12-08T17:45:37","guid":{"rendered":"https:\/\/baldumarket.lt\/?post_type=product&#038;p=110554"},"modified":"2026-02-03T23:41:47","modified_gmt":"2026-02-03T20:41:47","slug":"s-6653-l-fameg","status":"publish","type":"product","link":"https:\/\/baldumarket.lt\/lt\/product\/s-6653-l-fameg\/","title":{"rendered":"S-6653\/L Fameg"},"content":{"rendered":"<p>Sofa 6653\/L \u2013 tai klasikin\u0117s formos sofa, pagaminta naudojant tradicin\u0119, rankin\u0119 buko medienos lenkimo technologij\u0105. Subtili, subtili forma tinka visoms tradicin\u0117ms lenktoms k\u0117d\u0117ms.<br \/>\n#bentwood #legacy #sofa <\/p>","protected":false},"excerpt":{"rendered":"<p>Sofa 6653\/L \u2013 tai klasikin\u0117s formos sofa, pagaminta naudojant tradicin\u0119, rankin\u0119 buko medienos lenkimo technologij\u0105. Subtili, subtili forma tinka visoms tradicin\u0117ms lenktoms k\u0117d\u0117ms. #bentwood #legacy #sofa<\/p>","protected":false},"featured_media":107927,"comment_status":"open","ping_status":"closed","template":"","meta":[],"product_brand":[],"product_cat":[1928,2256],"product_tag":[],"class_list":{"0":"post-110554","1":"product","2":"type-product","3":"status-publish","4":"has-post-thumbnail","6":"product_cat-benches","7":"product_cat-fameg","9":"first","10":"instock","11":"shipping-taxable","12":"product-type-grouped"},"_links":{"self":[{"href":"https:\/\/baldumarket.lt\/lt\/wp-json\/wp\/v2\/product\/110554","targetHints":{"allow":["GET"]}}],"collection":[{"href":"https:\/\/baldumarket.lt\/lt\/wp-json\/wp\/v2\/product"}],"about":[{"href":"https:\/\/baldumarket.lt\/lt\/wp-json\/wp\/v2\/types\/product"}],"replies":[{"embeddable":true,"href":"https:\/\/baldumarket.lt\/lt\/wp-json\/wp\/v2\/comments?post=110554"}],"wp:featuredmedia":[{"embeddable":true,"href":"https:\/\/baldumarket.lt\/lt\/wp-json\/wp\/v2\/media\/107927"}],"wp:attachment":[{"href":"https:\/\/baldumarket.lt\/lt\/wp-json\/wp\/v2\/media?parent=110554"}],"wp:term":[{"taxonomy":"product_brand","embeddable":true,"href":"https:\/\/baldumarket.lt\/lt\/wp-json\/wp\/v2\/product_brand?post=110554"},{"taxonomy":"product_cat","embeddable":true,"href":"https:\/\/baldumarket.lt\/lt\/wp-json\/wp\/v2\/product_cat?post=110554"},{"taxonomy":"product_tag","embeddable":true,"href":"https:\/\/baldumarket.lt\/lt\/wp-json\/wp\/v2\/product_tag?post=110554"}],"curies":[{"name":"wp","href":"https:\/\/api.w.org\/{rel}","templated":true}]}}