{"id":110543,"date":"2025-12-08T20:45:12","date_gmt":"2025-12-08T17:45:12","guid":{"rendered":"https:\/\/baldumarket.lt\/?post_type=product&#038;p=110543"},"modified":"2026-02-03T23:41:49","modified_gmt":"2026-02-03T20:41:49","slug":"riso-bm-2301-fameg","status":"publish","type":"product","link":"https:\/\/baldumarket.lt\/lt\/product\/riso-bm-2301-fameg\/","title":{"rendered":"Riso BM-2301 Fameg"},"content":{"rendered":"<p>Tai patog\u016bs, eleganti\u0161ki ir tuo pa\u010diu vizualiai lengvi baldai.<br \/>\nJ\u0173 konstrukcija pagr\u012fsta metaliniu r\u0117mu, ant kurio pakabinti dideli apmu\u0161ti pavir\u0161iai, u\u017etikrinantys i\u0161skirtin\u012f naudojimo komfort\u0105.<br \/>\n\u0160velnios, ovalios formos sukuria malonius akiai baldus, o rafinuotos linijos suteikia jiems elegancijos ir pra\u0161matnumo.<\/p>","protected":false},"excerpt":{"rendered":"<p><strong>Matmenys<\/strong><\/p>\n<p>Bendras auk\u0161tis - 80 cm<\/p>\n<p>Bendras gylis \u2013 57,5 cm<\/p>\n<p>Bendras plotis - 57 cm<\/p>\n<p>S\u0117dyn\u0117s auk\u0161tis - 45 cm<\/p>","protected":false},"featured_media":107594,"comment_status":"open","ping_status":"closed","template":"","meta":[],"product_brand":[],"product_cat":[1930,2256,2452,9119],"product_tag":[],"class_list":{"0":"post-110543","1":"product","2":"type-product","3":"status-publish","4":"has-post-thumbnail","6":"product_cat-chairs","7":"product_cat-fameg","8":"product_cat-fameg-armchairs","9":"product_cat-fameg-bar-chairs","11":"first","12":"instock","13":"shipping-taxable","14":"product-type-grouped"},"_links":{"self":[{"href":"https:\/\/baldumarket.lt\/lt\/wp-json\/wp\/v2\/product\/110543","targetHints":{"allow":["GET"]}}],"collection":[{"href":"https:\/\/baldumarket.lt\/lt\/wp-json\/wp\/v2\/product"}],"about":[{"href":"https:\/\/baldumarket.lt\/lt\/wp-json\/wp\/v2\/types\/product"}],"replies":[{"embeddable":true,"href":"https:\/\/baldumarket.lt\/lt\/wp-json\/wp\/v2\/comments?post=110543"}],"wp:featuredmedia":[{"embeddable":true,"href":"https:\/\/baldumarket.lt\/lt\/wp-json\/wp\/v2\/media\/107594"}],"wp:attachment":[{"href":"https:\/\/baldumarket.lt\/lt\/wp-json\/wp\/v2\/media?parent=110543"}],"wp:term":[{"taxonomy":"product_brand","embeddable":true,"href":"https:\/\/baldumarket.lt\/lt\/wp-json\/wp\/v2\/product_brand?post=110543"},{"taxonomy":"product_cat","embeddable":true,"href":"https:\/\/baldumarket.lt\/lt\/wp-json\/wp\/v2\/product_cat?post=110543"},{"taxonomy":"product_tag","embeddable":true,"href":"https:\/\/baldumarket.lt\/lt\/wp-json\/wp\/v2\/product_tag?post=110543"}],"curies":[{"name":"wp","href":"https:\/\/api.w.org\/{rel}","templated":true}]}}