{"id":110542,"date":"2025-12-08T20:45:12","date_gmt":"2025-12-08T17:45:12","guid":{"rendered":"https:\/\/baldumarket.lt\/?post_type=product&#038;p=110542"},"modified":"2026-04-13T15:58:34","modified_gmt":"2026-04-13T12:58:34","slug":"riso-am-2301-fameg","status":"publish","type":"product","link":"https:\/\/baldumarket.lt\/lt\/product\/riso-am-2301-fameg\/","title":{"rendered":"Riso AM-2301 Fameg"},"content":{"rendered":"<p>Dizainas: Pawlak &amp; Stawarski<br \/>\n\u0160ie patog\u016bs, eleganti\u0161ki ir vizualiai lengvi baldai sukonstruoti aplink metalin\u012f r\u0117m\u0105, kuris palaiko didelius, apmu\u0161tus pavir\u0161ius, u\u017etikrinan\u010dius i\u0161skirtin\u012f komfort\u0105. \u0160velnios, ovalios formos sukuria malon\u0173 poj\u016bt\u012f, o rafinuotos linijos \u2013 elegancijos ir rafinuotumo.<\/p>","protected":false},"excerpt":{"rendered":"<p>BENDRAS AUK\u0160TIS<br \/>\n78 cm<br \/>\nBENDRAS PLOTIS<br \/>\n48 cm<br \/>\nBENDRAS GYLIS<br \/>\n52,5 cm<br \/>\nS\u0116DYN\u0116S AUK\u0160TIS<br \/>\n45 cm<br \/>\nMED\u017dIAGA<br \/>\napmu\u0161ta s\u0117dyn\u0117 ir atlo\u0161as<br \/>\nSVORIS<br \/>\n6,7 kg<\/p>","protected":false},"featured_media":107562,"comment_status":"open","ping_status":"closed","template":"","meta":[],"product_brand":[],"product_cat":[1930,2256,9119,2451],"product_tag":[],"class_list":{"0":"post-110542","1":"product","2":"type-product","3":"status-publish","4":"has-post-thumbnail","6":"product_cat-chairs","7":"product_cat-fameg","8":"product_cat-fameg-bar-chairs","9":"product_cat-fameg-chairs","11":"first","12":"instock","13":"shipping-taxable","14":"product-type-grouped"},"_links":{"self":[{"href":"https:\/\/baldumarket.lt\/lt\/wp-json\/wp\/v2\/product\/110542","targetHints":{"allow":["GET"]}}],"collection":[{"href":"https:\/\/baldumarket.lt\/lt\/wp-json\/wp\/v2\/product"}],"about":[{"href":"https:\/\/baldumarket.lt\/lt\/wp-json\/wp\/v2\/types\/product"}],"replies":[{"embeddable":true,"href":"https:\/\/baldumarket.lt\/lt\/wp-json\/wp\/v2\/comments?post=110542"}],"wp:featuredmedia":[{"embeddable":true,"href":"https:\/\/baldumarket.lt\/lt\/wp-json\/wp\/v2\/media\/107562"}],"wp:attachment":[{"href":"https:\/\/baldumarket.lt\/lt\/wp-json\/wp\/v2\/media?parent=110542"}],"wp:term":[{"taxonomy":"product_brand","embeddable":true,"href":"https:\/\/baldumarket.lt\/lt\/wp-json\/wp\/v2\/product_brand?post=110542"},{"taxonomy":"product_cat","embeddable":true,"href":"https:\/\/baldumarket.lt\/lt\/wp-json\/wp\/v2\/product_cat?post=110542"},{"taxonomy":"product_tag","embeddable":true,"href":"https:\/\/baldumarket.lt\/lt\/wp-json\/wp\/v2\/product_tag?post=110542"}],"curies":[{"name":"wp","href":"https:\/\/api.w.org\/{rel}","templated":true}]}}