{"id":110534,"date":"2025-12-08T20:45:10","date_gmt":"2025-12-08T17:45:10","guid":{"rendered":"https:\/\/baldumarket.lt\/?post_type=product&#038;p=110534"},"modified":"2026-02-03T23:41:50","modified_gmt":"2026-02-03T20:41:50","slug":"polar-b-1806-fameg","status":"publish","type":"product","link":"https:\/\/baldumarket.lt\/lt\/product\/polar-b-1806-fameg\/","title":{"rendered":"Polar B-1806 Fameg"},"content":{"rendered":"<p>Dizainas: MUKA dizaino laboratorija<br \/>\n\u201ePolar\u201c \u2013 eleganti\u0161kas, \u0161iuolaiki\u0161ko charakterio fotelis. Sukurtas suteikti savininkui privatumo ir saugumo jausm\u0105, jis idealiai tinka erdvei padalinti atviro plano erdv\u0117se. \u201ePolar\u201c fotelio konstrukcija pagaminta i\u0161 lietos faneros, patogaus putplas\u010dio ir auk\u0161tos kokyb\u0117s apmu\u0161al\u0173.<br \/>\n#famegcollections #armchair #design<\/p>","protected":false},"excerpt":{"rendered":"<p>Dizainas: MUKA Design Lab \u201ePolar\u201c \u2013 eleganti\u0161kas, \u0161iuolaiki\u0161ko charakterio fotelis. Sukurtas suteikti savininkui privatumo ir saugumo jausm\u0105, jis idealiai tinka erdvei padalinti atviro plano erdv\u0117se. \u201ePolar\u201c fotelio konstrukcija pagaminta i\u0161 lietos faneros, patogaus putplas\u010dio ir auk\u0161tos kokyb\u0117s apmu\u0161al\u0173. #famegcollections #armchair #design<\/p>","protected":false},"featured_media":107302,"comment_status":"open","ping_status":"closed","template":"","meta":[],"product_brand":[],"product_cat":[634,2256],"product_tag":[],"class_list":{"0":"post-110534","1":"product","2":"type-product","3":"status-publish","4":"has-post-thumbnail","6":"product_cat-armchairs","7":"product_cat-fameg","9":"first","10":"instock","11":"shipping-taxable","12":"product-type-grouped"},"_links":{"self":[{"href":"https:\/\/baldumarket.lt\/lt\/wp-json\/wp\/v2\/product\/110534","targetHints":{"allow":["GET"]}}],"collection":[{"href":"https:\/\/baldumarket.lt\/lt\/wp-json\/wp\/v2\/product"}],"about":[{"href":"https:\/\/baldumarket.lt\/lt\/wp-json\/wp\/v2\/types\/product"}],"replies":[{"embeddable":true,"href":"https:\/\/baldumarket.lt\/lt\/wp-json\/wp\/v2\/comments?post=110534"}],"wp:featuredmedia":[{"embeddable":true,"href":"https:\/\/baldumarket.lt\/lt\/wp-json\/wp\/v2\/media\/107302"}],"wp:attachment":[{"href":"https:\/\/baldumarket.lt\/lt\/wp-json\/wp\/v2\/media?parent=110534"}],"wp:term":[{"taxonomy":"product_brand","embeddable":true,"href":"https:\/\/baldumarket.lt\/lt\/wp-json\/wp\/v2\/product_brand?post=110534"},{"taxonomy":"product_cat","embeddable":true,"href":"https:\/\/baldumarket.lt\/lt\/wp-json\/wp\/v2\/product_cat?post=110534"},{"taxonomy":"product_tag","embeddable":true,"href":"https:\/\/baldumarket.lt\/lt\/wp-json\/wp\/v2\/product_tag?post=110534"}],"curies":[{"name":"wp","href":"https:\/\/api.w.org\/{rel}","templated":true}]}}