{"id":110533,"date":"2025-12-08T20:44:47","date_gmt":"2025-12-08T17:44:47","guid":{"rendered":"https:\/\/baldumarket.lt\/?post_type=product&#038;p=110533"},"modified":"2026-02-03T23:41:50","modified_gmt":"2026-02-03T20:41:50","slug":"pala-a-1907-fameg","status":"publish","type":"product","link":"https:\/\/baldumarket.lt\/lt\/product\/pala-a-1907-fameg\/","title":{"rendered":"Pala A-1907 Fameg"},"content":{"rendered":"<p><strong>Produkto apra\u0161ymas<\/strong><\/p>\n<p>\u201ePala\u201c medin\u0117s k\u0117d\u0117s, A-1907 tipo, buvo sukurtos ispan\u0173 dizaino studijoje \u201eMuka Design Lab\u201c, kuri specializuojasi praktini\u0173 bald\u0173 gamyboje. Jos pagamintos i\u0161 patvarios profiliuotos faneros, kuri yra patvari ir atspari deformacijai, ir pasi\u017eymi buko medienos savyb\u0117mis. K\u0117d\u0117s turi sud\u0117jimo funkcij\u0105, kuri palengvina j\u0173 sand\u0117liavim\u0105 vie\u0161osiose patalpose. Baldai puikiai tinka bet kokiems moderniems namams, o j\u0173 stilius primena 6-\u0105j\u012f ir 7-\u0105j\u012f de\u0161imtme\u010dius. K\u0117d\u0117 yra \u012fvairi\u0173 spalv\u0173. Med\u017eio spalvos trafaretai buvo \u012fd\u0117ti \u012f gaminio vedl\u012f.<\/p>","protected":false},"excerpt":{"rendered":"<p><strong>Produkto parametrai<\/strong><\/p>\n<p>Plotis: 50 cm<br \/>\nGylis: 46 cm<br \/>\nAuk\u0161tis: 79 cm<br \/>\nS\u0117dyn\u0117s auk\u0161tis: 45 cm<br \/>\nBald\u0173 spalva: pasirinkti gaminio vedlyje<br \/>\nKoja: tvirta buko mediena<br \/>\nStilius: Modernus<br \/>\nMed\u017eiaga: med\u017eio masyvas \/ fanera<br \/>\nPorankiai: Ne<br \/>\nGarantija: 2 metai<\/p>","protected":false},"featured_media":107267,"comment_status":"open","ping_status":"closed","template":"","meta":[],"product_brand":[],"product_cat":[1930,2256,2451],"product_tag":[],"class_list":{"0":"post-110533","1":"product","2":"type-product","3":"status-publish","4":"has-post-thumbnail","6":"product_cat-chairs","7":"product_cat-fameg","8":"product_cat-fameg-chairs","10":"first","11":"instock","12":"shipping-taxable","13":"product-type-grouped"},"_links":{"self":[{"href":"https:\/\/baldumarket.lt\/lt\/wp-json\/wp\/v2\/product\/110533","targetHints":{"allow":["GET"]}}],"collection":[{"href":"https:\/\/baldumarket.lt\/lt\/wp-json\/wp\/v2\/product"}],"about":[{"href":"https:\/\/baldumarket.lt\/lt\/wp-json\/wp\/v2\/types\/product"}],"replies":[{"embeddable":true,"href":"https:\/\/baldumarket.lt\/lt\/wp-json\/wp\/v2\/comments?post=110533"}],"wp:featuredmedia":[{"embeddable":true,"href":"https:\/\/baldumarket.lt\/lt\/wp-json\/wp\/v2\/media\/107267"}],"wp:attachment":[{"href":"https:\/\/baldumarket.lt\/lt\/wp-json\/wp\/v2\/media?parent=110533"}],"wp:term":[{"taxonomy":"product_brand","embeddable":true,"href":"https:\/\/baldumarket.lt\/lt\/wp-json\/wp\/v2\/product_brand?post=110533"},{"taxonomy":"product_cat","embeddable":true,"href":"https:\/\/baldumarket.lt\/lt\/wp-json\/wp\/v2\/product_cat?post=110533"},{"taxonomy":"product_tag","embeddable":true,"href":"https:\/\/baldumarket.lt\/lt\/wp-json\/wp\/v2\/product_tag?post=110533"}],"curies":[{"name":"wp","href":"https:\/\/api.w.org\/{rel}","templated":true}]}}