{"id":110525,"date":"2025-12-08T20:44:44","date_gmt":"2025-12-08T17:44:44","guid":{"rendered":"https:\/\/baldumarket.lt\/?post_type=product&#038;p=110525"},"modified":"2026-04-12T19:42:02","modified_gmt":"2026-04-12T16:42:02","slug":"okleina-naturalna-buk-fameg","status":"publish","type":"product","link":"https:\/\/baldumarket.lt\/lt\/product\/okleina-naturalna-buk-fameg\/","title":{"rendered":"Nat\u016bralaus buko fanera Fameg"},"content":{"rendered":"<p>Nat\u016bralaus buko faneros stalvir\u0161iai<br \/>\nGalimi storiai: 19 mm +\/- 1 mm, 35 mm +\/- 1 mm<\/p>","protected":false},"excerpt":{"rendered":"<p>Nat\u016bralaus buko faneros stalvir\u0161iai. Galimi storiai: 19 mm +\/- 1 mm, 35 mm +\/- 1 mm.<\/p>","protected":false},"featured_media":107017,"comment_status":"open","ping_status":"closed","template":"","meta":[],"product_brand":[],"product_cat":[1043,2256],"product_tag":[],"class_list":{"0":"post-110525","1":"product","2":"type-product","3":"status-publish","4":"has-post-thumbnail","6":"product_cat-extras","7":"product_cat-fameg","9":"first","10":"instock","11":"shipping-taxable","12":"product-type-grouped"},"_links":{"self":[{"href":"https:\/\/baldumarket.lt\/lt\/wp-json\/wp\/v2\/product\/110525","targetHints":{"allow":["GET"]}}],"collection":[{"href":"https:\/\/baldumarket.lt\/lt\/wp-json\/wp\/v2\/product"}],"about":[{"href":"https:\/\/baldumarket.lt\/lt\/wp-json\/wp\/v2\/types\/product"}],"replies":[{"embeddable":true,"href":"https:\/\/baldumarket.lt\/lt\/wp-json\/wp\/v2\/comments?post=110525"}],"wp:featuredmedia":[{"embeddable":true,"href":"https:\/\/baldumarket.lt\/lt\/wp-json\/wp\/v2\/media\/107017"}],"wp:attachment":[{"href":"https:\/\/baldumarket.lt\/lt\/wp-json\/wp\/v2\/media?parent=110525"}],"wp:term":[{"taxonomy":"product_brand","embeddable":true,"href":"https:\/\/baldumarket.lt\/lt\/wp-json\/wp\/v2\/product_brand?post=110525"},{"taxonomy":"product_cat","embeddable":true,"href":"https:\/\/baldumarket.lt\/lt\/wp-json\/wp\/v2\/product_cat?post=110525"},{"taxonomy":"product_tag","embeddable":true,"href":"https:\/\/baldumarket.lt\/lt\/wp-json\/wp\/v2\/product_tag?post=110525"}],"curies":[{"name":"wp","href":"https:\/\/api.w.org\/{rel}","templated":true}]}}