{"id":110524,"date":"2025-12-08T20:44:44","date_gmt":"2025-12-08T17:44:44","guid":{"rendered":"https:\/\/baldumarket.lt\/?post_type=product&#038;p=110524"},"modified":"2026-02-03T23:41:52","modified_gmt":"2026-02-03T20:41:52","slug":"novo-bst-9610-6-fameg","status":"publish","type":"product","link":"https:\/\/baldumarket.lt\/lt\/product\/novo-bst-9610-6-fameg\/","title":{"rendered":"Novo BST-9610\/6 Fameg"},"content":{"rendered":"<p><strong>Produkto apra\u0161ymas<\/strong><\/p>\n<p>\u201eNovo BST-9610\/6\u201c i\u0161siskiria auk\u0161ta, mink\u0161ta s\u0117dyne ir atlo\u0161u, papuo\u0161tu \u012fsp\u016bding\u0173 metalini\u0173 kai\u0161\u010di\u0173-smeigi\u0173 eile. Baldas pagamintas i\u0161 patvarios kietmed\u017eio faneros ir patvarios buko medienos. D\u0117l auk\u0161tos kokyb\u0117s gamybos med\u017eiag\u0173 naudojimo jis daugel\u012f met\u0173 d\u017eiugins nepakitusia i\u0161vaizda. Baro k\u0117d\u0117 si\u016bloma \u012fvairi\u0173 mading\u0173 spalv\u0173 ir apmu\u0161al\u0173 audini\u0173, kuri\u0173 ra\u0161tai pateikiami gaminio vedlyje.<\/p>","protected":false},"excerpt":{"rendered":"<p><strong>Produkto parametrai<\/strong><\/p>\n<p>Plotis: 45 cm<br \/>\nGylis: 51 cm<br \/>\n\u016agis: 109 cm<br \/>\nS\u0117dyn\u0117s auk\u0161tis: 78 cm<br \/>\nBald\u0173 spalva: pasirinkti gaminio vedlyje<br \/>\nKoja: tvirta buko mediena<br \/>\nStilius: Modernus<br \/>\nMed\u017eiaga: med\u017eio masyvas \/ fanera \/ audinys arba nat\u016brali oda<br \/>\nPorankiai: Ne<br \/>\nGarantija: 2 metai<\/p>","protected":false},"featured_media":106986,"comment_status":"open","ping_status":"closed","template":"","meta":[],"product_brand":[],"product_cat":[1930,2256,9119],"product_tag":[],"class_list":{"0":"post-110524","1":"product","2":"type-product","3":"status-publish","4":"has-post-thumbnail","6":"product_cat-chairs","7":"product_cat-fameg","8":"product_cat-fameg-bar-chairs","10":"first","11":"instock","12":"shipping-taxable","13":"product-type-grouped"},"_links":{"self":[{"href":"https:\/\/baldumarket.lt\/lt\/wp-json\/wp\/v2\/product\/110524","targetHints":{"allow":["GET"]}}],"collection":[{"href":"https:\/\/baldumarket.lt\/lt\/wp-json\/wp\/v2\/product"}],"about":[{"href":"https:\/\/baldumarket.lt\/lt\/wp-json\/wp\/v2\/types\/product"}],"replies":[{"embeddable":true,"href":"https:\/\/baldumarket.lt\/lt\/wp-json\/wp\/v2\/comments?post=110524"}],"wp:featuredmedia":[{"embeddable":true,"href":"https:\/\/baldumarket.lt\/lt\/wp-json\/wp\/v2\/media\/106986"}],"wp:attachment":[{"href":"https:\/\/baldumarket.lt\/lt\/wp-json\/wp\/v2\/media?parent=110524"}],"wp:term":[{"taxonomy":"product_brand","embeddable":true,"href":"https:\/\/baldumarket.lt\/lt\/wp-json\/wp\/v2\/product_brand?post=110524"},{"taxonomy":"product_cat","embeddable":true,"href":"https:\/\/baldumarket.lt\/lt\/wp-json\/wp\/v2\/product_cat?post=110524"},{"taxonomy":"product_tag","embeddable":true,"href":"https:\/\/baldumarket.lt\/lt\/wp-json\/wp\/v2\/product_tag?post=110524"}],"curies":[{"name":"wp","href":"https:\/\/api.w.org\/{rel}","templated":true}]}}