{"id":110523,"date":"2025-12-08T20:44:44","date_gmt":"2025-12-08T17:44:44","guid":{"rendered":"https:\/\/baldumarket.lt\/?post_type=product&#038;p=110523"},"modified":"2026-02-03T23:41:52","modified_gmt":"2026-02-03T20:41:52","slug":"novo-bst-9610-fameg","status":"publish","type":"product","link":"https:\/\/baldumarket.lt\/lt\/product\/novo-bst-9610-fameg\/","title":{"rendered":"Novo BST-9610 Fameg"},"content":{"rendered":"<p>\u201eNovo\u201c \u2013 tai paprasta ir klasikin\u0117 k\u0117d\u017ei\u0173, foteli\u0173 ir baro tabure\u010di\u0173 kolekcija, ypa\u010d vertinama kavin\u0117se ir restoranuose d\u0117l patvarios konstrukcijos ir ma\u017eos kainos. Pagaminta i\u0161 buko medienos, kolekcij\u0105 galima papildyti dekoratyviniais kai\u0161\u010diais, kad b\u016bt\u0173 pary\u0161kinta apmu\u0161ta s\u0117dyn\u0117 ir atlo\u0161as (modeliai A-9610\/6, B-9610\/6 ir BST \u2013 9610\/6).<\/p>","protected":false},"excerpt":{"rendered":"<p><strong>Produkto parametrai<\/strong><\/p>\n<p>Plotis: 45 cm<br \/>\nGylis: 51 cm<br \/>\n\u016agis: 109 cm<br \/>\nS\u0117dyn\u0117s auk\u0161tis: 78 cm<br \/>\nBald\u0173 spalva: pasirinkti gaminio vedlyje<br \/>\nKoja: tvirta buko mediena<br \/>\nStilius: Modernus<br \/>\nMed\u017eiaga: med\u017eio masyvas \/ fanera \/ audinys arba nat\u016brali oda<br \/>\nPorankiai: Ne<br \/>\nGarantija: 2 metai<\/p>","protected":false},"featured_media":106951,"comment_status":"open","ping_status":"closed","template":"","meta":[],"product_brand":[],"product_cat":[1930,2256,9119],"product_tag":[],"class_list":{"0":"post-110523","1":"product","2":"type-product","3":"status-publish","4":"has-post-thumbnail","6":"product_cat-chairs","7":"product_cat-fameg","8":"product_cat-fameg-bar-chairs","10":"first","11":"instock","12":"shipping-taxable","13":"product-type-grouped"},"_links":{"self":[{"href":"https:\/\/baldumarket.lt\/lt\/wp-json\/wp\/v2\/product\/110523","targetHints":{"allow":["GET"]}}],"collection":[{"href":"https:\/\/baldumarket.lt\/lt\/wp-json\/wp\/v2\/product"}],"about":[{"href":"https:\/\/baldumarket.lt\/lt\/wp-json\/wp\/v2\/types\/product"}],"replies":[{"embeddable":true,"href":"https:\/\/baldumarket.lt\/lt\/wp-json\/wp\/v2\/comments?post=110523"}],"wp:featuredmedia":[{"embeddable":true,"href":"https:\/\/baldumarket.lt\/lt\/wp-json\/wp\/v2\/media\/106951"}],"wp:attachment":[{"href":"https:\/\/baldumarket.lt\/lt\/wp-json\/wp\/v2\/media?parent=110523"}],"wp:term":[{"taxonomy":"product_brand","embeddable":true,"href":"https:\/\/baldumarket.lt\/lt\/wp-json\/wp\/v2\/product_brand?post=110523"},{"taxonomy":"product_cat","embeddable":true,"href":"https:\/\/baldumarket.lt\/lt\/wp-json\/wp\/v2\/product_cat?post=110523"},{"taxonomy":"product_tag","embeddable":true,"href":"https:\/\/baldumarket.lt\/lt\/wp-json\/wp\/v2\/product_tag?post=110523"}],"curies":[{"name":"wp","href":"https:\/\/api.w.org\/{rel}","templated":true}]}}