{"id":110519,"date":"2025-12-08T20:44:42","date_gmt":"2025-12-08T17:44:42","guid":{"rendered":"https:\/\/baldumarket.lt\/?post_type=product&#038;p=110519"},"modified":"2026-02-03T23:41:53","modified_gmt":"2026-02-03T20:41:53","slug":"novo-a-9610-fameg","status":"publish","type":"product","link":"https:\/\/baldumarket.lt\/lt\/product\/novo-a-9610-fameg\/","title":{"rendered":"Novo A-9610 Fameg"},"content":{"rendered":"<p><strong>Produkto apra\u0161ymas<\/strong><\/p>\n<p>Klasikin\u0117 k\u0117d\u0117 su mink\u0161ta s\u0117dyne \u201eNovo A-9610\u201c pagaminta i\u0161 auk\u0161tos kokyb\u0117s gamybos med\u017eiag\u0173, tod\u0117l daugel\u012f met\u0173 d\u017eiaugsis nepakitusia i\u0161vaizda. Baldai pagaminti i\u0161 buko medienos ir profiliuotos faneros, pastatyti ant profiliuoto pagrindo. K\u0117d\u0117s puikiai atrodys tiek nam\u0173 erdv\u0117je, tiek klasikin\u0117se kavin\u0117se, baruose ar restoranuose. Baldai si\u016blomi \u012fvairi\u0173 spalv\u0173. Produkto \u201eWizard\u201c \u012fskiepyje panaudoti med\u017eio spalv\u0173 trafaretai, audini\u0173 ir nat\u016bralios odos trafaretai.<\/p>","protected":false},"excerpt":{"rendered":"<p><strong>Produkto parametrai<\/strong><\/p>\n<p>Plotis: 42 cm<br \/>\nGylis: 47 cm<br \/>\nAuk\u0161tis: 87 cm<br \/>\nS\u0117dyn\u0117s auk\u0161tis: 49 cm<br \/>\nBald\u0173 spalva: pasirinkti gaminio vedlyje<br \/>\nKoja: tvirta buko mediena<br \/>\nStilius: Klasikinis<br \/>\nMed\u017eiaga: med\u017eio masyvas \/ fanera \/ audinys arba nat\u016brali oda<br \/>\nPorankiai: Ne<br \/>\nGarantija: 2 metai<\/p>","protected":false},"featured_media":106819,"comment_status":"open","ping_status":"closed","template":"","meta":[],"product_brand":[],"product_cat":[1930,2256,2451],"product_tag":[],"class_list":{"0":"post-110519","1":"product","2":"type-product","3":"status-publish","4":"has-post-thumbnail","6":"product_cat-chairs","7":"product_cat-fameg","8":"product_cat-fameg-chairs","10":"first","11":"instock","12":"shipping-taxable","13":"product-type-grouped"},"_links":{"self":[{"href":"https:\/\/baldumarket.lt\/lt\/wp-json\/wp\/v2\/product\/110519","targetHints":{"allow":["GET"]}}],"collection":[{"href":"https:\/\/baldumarket.lt\/lt\/wp-json\/wp\/v2\/product"}],"about":[{"href":"https:\/\/baldumarket.lt\/lt\/wp-json\/wp\/v2\/types\/product"}],"replies":[{"embeddable":true,"href":"https:\/\/baldumarket.lt\/lt\/wp-json\/wp\/v2\/comments?post=110519"}],"wp:featuredmedia":[{"embeddable":true,"href":"https:\/\/baldumarket.lt\/lt\/wp-json\/wp\/v2\/media\/106819"}],"wp:attachment":[{"href":"https:\/\/baldumarket.lt\/lt\/wp-json\/wp\/v2\/media?parent=110519"}],"wp:term":[{"taxonomy":"product_brand","embeddable":true,"href":"https:\/\/baldumarket.lt\/lt\/wp-json\/wp\/v2\/product_brand?post=110519"},{"taxonomy":"product_cat","embeddable":true,"href":"https:\/\/baldumarket.lt\/lt\/wp-json\/wp\/v2\/product_cat?post=110519"},{"taxonomy":"product_tag","embeddable":true,"href":"https:\/\/baldumarket.lt\/lt\/wp-json\/wp\/v2\/product_tag?post=110519"}],"curies":[{"name":"wp","href":"https:\/\/api.w.org\/{rel}","templated":true}]}}