{"id":110518,"date":"2025-12-08T20:44:42","date_gmt":"2025-12-08T17:44:42","guid":{"rendered":"https:\/\/baldumarket.lt\/?post_type=product&#038;p=110518"},"modified":"2026-04-13T00:10:48","modified_gmt":"2026-04-12T21:10:48","slug":"nord-b-2320-2-fameg","status":"publish","type":"product","link":"https:\/\/baldumarket.lt\/lt\/product\/nord-b-2320-2-fameg\/","title":{"rendered":"Nord B-2320\/2 Fameg"},"content":{"rendered":"<p>Dizainas: Pawlak &amp; Stawarski<br \/>\nNORD bald\u0173 kolekcijoje pristatomi lengvi, a\u017e\u016briniai baldai, primenantys XX a. skandinavi\u0161kus baldus. Baldai pagaminti i\u0161 paprast\u0173 element\u0173, o plat\u016bs fotelio ir k\u0117d\u0117s atlo\u0161ai lengvai pakabinti ant konstrukcini\u0173 element\u0173. Jie pasi\u017eymi supaprastinta, i\u0161rai\u0161kinga forma ir pla\u010diu pritaikymo spektru.<\/p>","protected":false},"excerpt":{"rendered":"<p><strong>Matmenys:<\/strong><br \/>\n\u2013 plotis: 54 cm<br \/>\n\u2013 gylis: 52 cm<br \/>\n\u2013 auk\u0161tis: 77 cm<br \/>\n\u2013 s\u0117dyn\u0117s auk\u0161tis: 46 cm<br \/>\n\u2013 poranki\u0173 auk\u0161tis: 67,5 cm<\/p>\n<p>Med\u017eiaga:<br \/>\n\u2013 buko mediena<br \/>\n\u2013 mink\u0161ta s\u0117dyn\u0117 ir atlo\u0161as<\/p>\n<p>Svoris: 7,6 kg<\/p>\n<p>Pakuot\u0117s matmenys:<br \/>\n\u2013 56 x 52,5 x 95 cm<\/p>","protected":false},"featured_media":106790,"comment_status":"open","ping_status":"closed","template":"","meta":[],"product_brand":[],"product_cat":[1930,2256,2452],"product_tag":[],"class_list":{"0":"post-110518","1":"product","2":"type-product","3":"status-publish","4":"has-post-thumbnail","6":"product_cat-chairs","7":"product_cat-fameg","8":"product_cat-fameg-armchairs","10":"first","11":"instock","12":"shipping-taxable","13":"product-type-grouped"},"_links":{"self":[{"href":"https:\/\/baldumarket.lt\/lt\/wp-json\/wp\/v2\/product\/110518","targetHints":{"allow":["GET"]}}],"collection":[{"href":"https:\/\/baldumarket.lt\/lt\/wp-json\/wp\/v2\/product"}],"about":[{"href":"https:\/\/baldumarket.lt\/lt\/wp-json\/wp\/v2\/types\/product"}],"replies":[{"embeddable":true,"href":"https:\/\/baldumarket.lt\/lt\/wp-json\/wp\/v2\/comments?post=110518"}],"wp:featuredmedia":[{"embeddable":true,"href":"https:\/\/baldumarket.lt\/lt\/wp-json\/wp\/v2\/media\/106790"}],"wp:attachment":[{"href":"https:\/\/baldumarket.lt\/lt\/wp-json\/wp\/v2\/media?parent=110518"}],"wp:term":[{"taxonomy":"product_brand","embeddable":true,"href":"https:\/\/baldumarket.lt\/lt\/wp-json\/wp\/v2\/product_brand?post=110518"},{"taxonomy":"product_cat","embeddable":true,"href":"https:\/\/baldumarket.lt\/lt\/wp-json\/wp\/v2\/product_cat?post=110518"},{"taxonomy":"product_tag","embeddable":true,"href":"https:\/\/baldumarket.lt\/lt\/wp-json\/wp\/v2\/product_tag?post=110518"}],"curies":[{"name":"wp","href":"https:\/\/api.w.org\/{rel}","templated":true}]}}