{"id":110517,"date":"2025-12-08T20:44:42","date_gmt":"2025-12-08T17:44:42","guid":{"rendered":"https:\/\/baldumarket.lt\/?post_type=product&#038;p=110517"},"modified":"2026-02-03T23:41:53","modified_gmt":"2026-02-03T20:41:53","slug":"nord-a-2320-fameg","status":"publish","type":"product","link":"https:\/\/baldumarket.lt\/lt\/product\/nord-a-2320-fameg\/","title":{"rendered":"Nord A-2320 Fameg"},"content":{"rendered":"<p>\u201eLine\u201c k\u0117d\u0117 \u2013 tai dinami\u0161kas ir eleganti\u0161kas sprendimas, derinantis paprastum\u0105 ir subtilum\u0105. Jos banguota, lenkta medin\u0117 konstrukcija dera su patogia s\u0117dyne ir didele, jaukia atlo\u0161u. \u201eLine\u201c kolekcijos unikalumas slypi puikiose proporcijose ir \u0161velniose, lanks\u010diose linkiuose. \u201eLINIA\u201c modelis tiekiamas su porankiais arba be j\u0173, abu variantai gali b\u016bti sudedami vienas ant kito. K\u0117d\u0117 si\u016bloma su \u012fvairiais tekstiliniais ir odiniais apmu\u0161alais, tod\u0117l j\u0105 lengva pritaikyti \u012fvairiuose interjeruose.<\/p>","protected":false},"excerpt":{"rendered":"<p><strong>Matmenys<\/strong><\/p>\n<p>Bendras auk\u0161tis - 81 cm<\/p>\n<p>Bendras gylis \u2013 54 cm<\/p>\n<p>Bendras plotis - 47 cm<\/p>\n<p>S\u0117dyn\u0117s auk\u0161tis - 46 cm<\/p>","protected":false},"featured_media":106757,"comment_status":"open","ping_status":"closed","template":"","meta":[],"product_brand":[],"product_cat":[1930,2256,2451],"product_tag":[],"class_list":{"0":"post-110517","1":"product","2":"type-product","3":"status-publish","4":"has-post-thumbnail","6":"product_cat-chairs","7":"product_cat-fameg","8":"product_cat-fameg-chairs","10":"first","11":"instock","12":"shipping-taxable","13":"product-type-grouped"},"_links":{"self":[{"href":"https:\/\/baldumarket.lt\/lt\/wp-json\/wp\/v2\/product\/110517","targetHints":{"allow":["GET"]}}],"collection":[{"href":"https:\/\/baldumarket.lt\/lt\/wp-json\/wp\/v2\/product"}],"about":[{"href":"https:\/\/baldumarket.lt\/lt\/wp-json\/wp\/v2\/types\/product"}],"replies":[{"embeddable":true,"href":"https:\/\/baldumarket.lt\/lt\/wp-json\/wp\/v2\/comments?post=110517"}],"wp:featuredmedia":[{"embeddable":true,"href":"https:\/\/baldumarket.lt\/lt\/wp-json\/wp\/v2\/media\/106757"}],"wp:attachment":[{"href":"https:\/\/baldumarket.lt\/lt\/wp-json\/wp\/v2\/media?parent=110517"}],"wp:term":[{"taxonomy":"product_brand","embeddable":true,"href":"https:\/\/baldumarket.lt\/lt\/wp-json\/wp\/v2\/product_brand?post=110517"},{"taxonomy":"product_cat","embeddable":true,"href":"https:\/\/baldumarket.lt\/lt\/wp-json\/wp\/v2\/product_cat?post=110517"},{"taxonomy":"product_tag","embeddable":true,"href":"https:\/\/baldumarket.lt\/lt\/wp-json\/wp\/v2\/product_tag?post=110517"}],"curies":[{"name":"wp","href":"https:\/\/api.w.org\/{rel}","templated":true}]}}