{"id":110507,"date":"2025-12-08T20:44:17","date_gmt":"2025-12-08T17:44:17","guid":{"rendered":"https:\/\/baldumarket.lt\/?post_type=product&#038;p=110507"},"modified":"2026-02-03T23:41:54","modified_gmt":"2026-02-03T20:41:54","slug":"montana-b-1430-fameg","status":"publish","type":"product","link":"https:\/\/baldumarket.lt\/lt\/product\/montana-b-1430-fameg\/","title":{"rendered":"Montana B-1430 Fameg"},"content":{"rendered":"<p>Dizainas: STROOG Andrzej L\u0119cko\u015b<br \/>\n\u201eMontana\u201c klubo k\u0117d\u0117 yra u\u017euomina \u012f dizaino istorij\u0105 ir mading\u0105 Art Deco stili\u0173. \u201eMontana\u201c pasi\u017eymi i\u0161skirtiniu patogumu, tvirta konstrukcija ir nesenstan\u010dia forma.<br \/>\n# klubo k\u0117d\u0117<\/p>","protected":false},"excerpt":{"rendered":"<p>Dizainas: STROOG Andrzej L\u0119cko\u015b \u201eMontana\u201c klubo k\u0117d\u0117 \u2013 tai u\u017euomina \u012f dizaino istorij\u0105 ir mading\u0105 Art Deco stili\u0173. \u201eMontana\u201c pasi\u017eymi i\u0161skirtiniu patogumu, tvirta konstrukcija ir nesenstan\u010dia forma. #clubchair<\/p>","protected":false},"featured_media":106425,"comment_status":"open","ping_status":"closed","template":"","meta":[],"product_brand":[],"product_cat":[634,2256],"product_tag":[],"class_list":{"0":"post-110507","1":"product","2":"type-product","3":"status-publish","4":"has-post-thumbnail","6":"product_cat-armchairs","7":"product_cat-fameg","9":"first","10":"instock","11":"shipping-taxable","12":"product-type-grouped"},"_links":{"self":[{"href":"https:\/\/baldumarket.lt\/lt\/wp-json\/wp\/v2\/product\/110507","targetHints":{"allow":["GET"]}}],"collection":[{"href":"https:\/\/baldumarket.lt\/lt\/wp-json\/wp\/v2\/product"}],"about":[{"href":"https:\/\/baldumarket.lt\/lt\/wp-json\/wp\/v2\/types\/product"}],"replies":[{"embeddable":true,"href":"https:\/\/baldumarket.lt\/lt\/wp-json\/wp\/v2\/comments?post=110507"}],"wp:featuredmedia":[{"embeddable":true,"href":"https:\/\/baldumarket.lt\/lt\/wp-json\/wp\/v2\/media\/106425"}],"wp:attachment":[{"href":"https:\/\/baldumarket.lt\/lt\/wp-json\/wp\/v2\/media?parent=110507"}],"wp:term":[{"taxonomy":"product_brand","embeddable":true,"href":"https:\/\/baldumarket.lt\/lt\/wp-json\/wp\/v2\/product_brand?post=110507"},{"taxonomy":"product_cat","embeddable":true,"href":"https:\/\/baldumarket.lt\/lt\/wp-json\/wp\/v2\/product_cat?post=110507"},{"taxonomy":"product_tag","embeddable":true,"href":"https:\/\/baldumarket.lt\/lt\/wp-json\/wp\/v2\/product_tag?post=110507"}],"curies":[{"name":"wp","href":"https:\/\/api.w.org\/{rel}","templated":true}]}}