{"id":110506,"date":"2025-12-08T20:44:17","date_gmt":"2025-12-08T17:44:17","guid":{"rendered":"https:\/\/baldumarket.lt\/?post_type=product&#038;p=110506"},"modified":"2026-02-03T23:41:54","modified_gmt":"2026-02-03T20:41:54","slug":"lun-am-2501-fameg","status":"publish","type":"product","link":"https:\/\/baldumarket.lt\/lt\/product\/lun-am-2501-fameg\/","title":{"rendered":"Lun AM-2501 Fameg"},"content":{"rendered":"<p>Projektas: Pawlak ir Stawarski<\/p>\n<p>Moderni LUN k\u0117d\u0117 derina minimalistin\u012f dizain\u0105 su klasikiniu FAMEG meistri\u0161kumu. Jai b\u016bdingas subtiliai apvalus atlo\u0161as ir lengva, ta\u010diau tvirta konstrukcija. Idealiai tinka valgomajame, kavin\u0117je ar stilingame biure \u2013 visur, kur svarbi estetika ir komfortas.<\/p>\n<p>\u201eLun\u201c k\u0117d\u0117 yra dviej\u0173 versij\u0173: kieta ir su apmu\u0161ta s\u0117dyne.<\/p>","protected":false},"excerpt":{"rendered":"<p><strong>Matmenys<\/strong><br \/>\nauk\u0161tis: 79 cm,<br \/>\ngylis: 55,5 cm,<br \/>\nplotis: 60,5 cm,<br \/>\ns\u0117dyn\u0117s auk\u0161tis: 45 cm<\/p>","protected":false},"featured_media":106394,"comment_status":"open","ping_status":"closed","template":"","meta":[],"product_brand":[],"product_cat":[1930,2256,2451],"product_tag":[],"class_list":{"0":"post-110506","1":"product","2":"type-product","3":"status-publish","4":"has-post-thumbnail","6":"product_cat-chairs","7":"product_cat-fameg","8":"product_cat-fameg-chairs","10":"first","11":"instock","12":"shipping-taxable","13":"product-type-grouped"},"_links":{"self":[{"href":"https:\/\/baldumarket.lt\/lt\/wp-json\/wp\/v2\/product\/110506","targetHints":{"allow":["GET"]}}],"collection":[{"href":"https:\/\/baldumarket.lt\/lt\/wp-json\/wp\/v2\/product"}],"about":[{"href":"https:\/\/baldumarket.lt\/lt\/wp-json\/wp\/v2\/types\/product"}],"replies":[{"embeddable":true,"href":"https:\/\/baldumarket.lt\/lt\/wp-json\/wp\/v2\/comments?post=110506"}],"wp:featuredmedia":[{"embeddable":true,"href":"https:\/\/baldumarket.lt\/lt\/wp-json\/wp\/v2\/media\/106394"}],"wp:attachment":[{"href":"https:\/\/baldumarket.lt\/lt\/wp-json\/wp\/v2\/media?parent=110506"}],"wp:term":[{"taxonomy":"product_brand","embeddable":true,"href":"https:\/\/baldumarket.lt\/lt\/wp-json\/wp\/v2\/product_brand?post=110506"},{"taxonomy":"product_cat","embeddable":true,"href":"https:\/\/baldumarket.lt\/lt\/wp-json\/wp\/v2\/product_cat?post=110506"},{"taxonomy":"product_tag","embeddable":true,"href":"https:\/\/baldumarket.lt\/lt\/wp-json\/wp\/v2\/product_tag?post=110506"}],"curies":[{"name":"wp","href":"https:\/\/api.w.org\/{rel}","templated":true}]}}