{"id":110505,"date":"2025-12-08T20:44:17","date_gmt":"2025-12-08T17:44:17","guid":{"rendered":"https:\/\/baldumarket.lt\/?post_type=product&#038;p=110505"},"modified":"2026-04-13T18:53:50","modified_gmt":"2026-04-13T15:53:50","slug":"llow-st-1275-fameg","status":"publish","type":"product","link":"https:\/\/baldumarket.lt\/lt\/product\/llow-st-1275-fameg\/","title":{"rendered":"Ilow ST-1275 Fameg"},"content":{"rendered":"<p>Stabilus, funkcionalus ir modernus stalas, pagamintas i\u0161 auk\u0161\u010diausios kokyb\u0117s med\u017eiag\u0173. Jis turi prakti\u0161k\u0105 prailginimo sistem\u0105, leid\u017eian\u010di\u0105 greitai ir efektyviai reguliuoti stalo ilg\u012f.<\/p>","protected":false},"excerpt":{"rendered":"<p>Stabilus, funkcionalus ir modernus stalas, pagamintas i\u0161 auk\u0161\u010diausios kokyb\u0117s med\u017eiag\u0173. Jis turi prakti\u0161k\u0105 prailginimo sistem\u0105, leid\u017eian\u010di\u0105 greitai ir efektyviai reguliuoti stalo ilg\u012f.<\/p>","protected":false},"featured_media":106364,"comment_status":"open","ping_status":"closed","template":"","meta":[],"product_brand":[],"product_cat":[2256,1934],"product_tag":[],"class_list":{"0":"post-110505","1":"product","2":"type-product","3":"status-publish","4":"has-post-thumbnail","6":"product_cat-fameg","7":"product_cat-tables","9":"first","10":"instock","11":"shipping-taxable","12":"product-type-grouped"},"_links":{"self":[{"href":"https:\/\/baldumarket.lt\/lt\/wp-json\/wp\/v2\/product\/110505","targetHints":{"allow":["GET"]}}],"collection":[{"href":"https:\/\/baldumarket.lt\/lt\/wp-json\/wp\/v2\/product"}],"about":[{"href":"https:\/\/baldumarket.lt\/lt\/wp-json\/wp\/v2\/types\/product"}],"replies":[{"embeddable":true,"href":"https:\/\/baldumarket.lt\/lt\/wp-json\/wp\/v2\/comments?post=110505"}],"wp:featuredmedia":[{"embeddable":true,"href":"https:\/\/baldumarket.lt\/lt\/wp-json\/wp\/v2\/media\/106364"}],"wp:attachment":[{"href":"https:\/\/baldumarket.lt\/lt\/wp-json\/wp\/v2\/media?parent=110505"}],"wp:term":[{"taxonomy":"product_brand","embeddable":true,"href":"https:\/\/baldumarket.lt\/lt\/wp-json\/wp\/v2\/product_brand?post=110505"},{"taxonomy":"product_cat","embeddable":true,"href":"https:\/\/baldumarket.lt\/lt\/wp-json\/wp\/v2\/product_cat?post=110505"},{"taxonomy":"product_tag","embeddable":true,"href":"https:\/\/baldumarket.lt\/lt\/wp-json\/wp\/v2\/product_tag?post=110505"}],"curies":[{"name":"wp","href":"https:\/\/api.w.org\/{rel}","templated":true}]}}