{"id":110504,"date":"2025-12-08T20:44:16","date_gmt":"2025-12-08T17:44:16","guid":{"rendered":"https:\/\/baldumarket.lt\/?post_type=product&#038;p=110504"},"modified":"2026-04-13T01:01:22","modified_gmt":"2026-04-12T22:01:22","slug":"lite-drewno-klejone-na-mikrowczep-dab-fameg","status":"publish","type":"product","link":"https:\/\/baldumarket.lt\/lt\/product\/lite-drewno-klejone-na-mikrowczep-dab-fameg\/","title":{"rendered":"\u0104\u017euolo medienos masyvas klijuotas pir\u0161t\u0173 jungtimis Fameg"},"content":{"rendered":"<p>Buko medienos masyvo stalvir\u0161iai, sujungti pir\u0161tais<br \/>\nGalimi storiai: 27 mm +\/- 1 mm, 38 mm +\/- 1 mm<\/p>","protected":false},"excerpt":{"rendered":"<p>Buko medienos masyvo stalvir\u0161iai, sujungti pir\u0161tais. Galimi storiai: 27 mm +\/- 1 mm, 38 mm +\/- 1 mm.<\/p>","protected":false},"featured_media":106333,"comment_status":"open","ping_status":"closed","template":"","meta":[],"product_brand":[],"product_cat":[1043,2256],"product_tag":[],"class_list":{"0":"post-110504","1":"product","2":"type-product","3":"status-publish","4":"has-post-thumbnail","6":"product_cat-extras","7":"product_cat-fameg","9":"first","10":"instock","11":"shipping-taxable","12":"product-type-grouped"},"_links":{"self":[{"href":"https:\/\/baldumarket.lt\/lt\/wp-json\/wp\/v2\/product\/110504","targetHints":{"allow":["GET"]}}],"collection":[{"href":"https:\/\/baldumarket.lt\/lt\/wp-json\/wp\/v2\/product"}],"about":[{"href":"https:\/\/baldumarket.lt\/lt\/wp-json\/wp\/v2\/types\/product"}],"replies":[{"embeddable":true,"href":"https:\/\/baldumarket.lt\/lt\/wp-json\/wp\/v2\/comments?post=110504"}],"wp:featuredmedia":[{"embeddable":true,"href":"https:\/\/baldumarket.lt\/lt\/wp-json\/wp\/v2\/media\/106333"}],"wp:attachment":[{"href":"https:\/\/baldumarket.lt\/lt\/wp-json\/wp\/v2\/media?parent=110504"}],"wp:term":[{"taxonomy":"product_brand","embeddable":true,"href":"https:\/\/baldumarket.lt\/lt\/wp-json\/wp\/v2\/product_brand?post=110504"},{"taxonomy":"product_cat","embeddable":true,"href":"https:\/\/baldumarket.lt\/lt\/wp-json\/wp\/v2\/product_cat?post=110504"},{"taxonomy":"product_tag","embeddable":true,"href":"https:\/\/baldumarket.lt\/lt\/wp-json\/wp\/v2\/product_tag?post=110504"}],"curies":[{"name":"wp","href":"https:\/\/api.w.org\/{rel}","templated":true}]}}