{"id":110501,"date":"2025-12-08T20:44:15","date_gmt":"2025-12-08T17:44:15","guid":{"rendered":"https:\/\/baldumarket.lt\/?post_type=product&#038;p=110501"},"modified":"2026-02-03T23:41:55","modified_gmt":"2026-02-03T20:41:55","slug":"link-d-2005-fameg","status":"publish","type":"product","link":"https:\/\/baldumarket.lt\/lt\/product\/link-d-2005-fameg\/","title":{"rendered":"Link D-2005 Fameg"},"content":{"rendered":"<p>Plok\u0161t\u0117, skirta \u201eLink S-2005\u201c sofai. Ji turi 3 apdailos tipus: paprast\u0105 ir 2 dekoratyvini\u0173 si\u016bli\u0173 tipus: vertikalias juostas ir languot\u0105 ra\u0161t\u0105. Plok\u0161t\u0117s pagalba galite pastatyti bet kokio auk\u0161\u010dio sien\u0105 ir sukurti dekoratyvin\u0119 kompozicij\u0105.<\/p>","protected":false},"excerpt":{"rendered":"<p>Plok\u0161t\u0117, skirta \u201eLink S-2005\u201c sofai. Ji turi 3 apdailos tipus: paprast\u0105 ir 2 dekoratyvini\u0173 si\u016bli\u0173 tipus: vertikalias juostas ir languot\u0105 ra\u0161t\u0105. Plok\u0161t\u0117s pagalba galite pastatyti bet kokio auk\u0161\u010dio sien\u0105 ir sukurti dekoratyvin\u0119 kompozicij\u0105.<\/p>","protected":false},"featured_media":106240,"comment_status":"open","ping_status":"closed","template":"","meta":[],"product_brand":[],"product_cat":[1043,2256],"product_tag":[],"class_list":{"0":"post-110501","1":"product","2":"type-product","3":"status-publish","4":"has-post-thumbnail","6":"product_cat-extras","7":"product_cat-fameg","9":"first","10":"instock","11":"shipping-taxable","12":"product-type-grouped"},"_links":{"self":[{"href":"https:\/\/baldumarket.lt\/lt\/wp-json\/wp\/v2\/product\/110501","targetHints":{"allow":["GET"]}}],"collection":[{"href":"https:\/\/baldumarket.lt\/lt\/wp-json\/wp\/v2\/product"}],"about":[{"href":"https:\/\/baldumarket.lt\/lt\/wp-json\/wp\/v2\/types\/product"}],"replies":[{"embeddable":true,"href":"https:\/\/baldumarket.lt\/lt\/wp-json\/wp\/v2\/comments?post=110501"}],"wp:featuredmedia":[{"embeddable":true,"href":"https:\/\/baldumarket.lt\/lt\/wp-json\/wp\/v2\/media\/106240"}],"wp:attachment":[{"href":"https:\/\/baldumarket.lt\/lt\/wp-json\/wp\/v2\/media?parent=110501"}],"wp:term":[{"taxonomy":"product_brand","embeddable":true,"href":"https:\/\/baldumarket.lt\/lt\/wp-json\/wp\/v2\/product_brand?post=110501"},{"taxonomy":"product_cat","embeddable":true,"href":"https:\/\/baldumarket.lt\/lt\/wp-json\/wp\/v2\/product_cat?post=110501"},{"taxonomy":"product_tag","embeddable":true,"href":"https:\/\/baldumarket.lt\/lt\/wp-json\/wp\/v2\/product_tag?post=110501"}],"curies":[{"name":"wp","href":"https:\/\/api.w.org\/{rel}","templated":true}]}}