{"id":110500,"date":"2025-12-08T20:44:15","date_gmt":"2025-12-08T17:44:15","guid":{"rendered":"https:\/\/baldumarket.lt\/?post_type=product&#038;p=110500"},"modified":"2026-04-12T19:20:22","modified_gmt":"2026-04-12T16:20:22","slug":"linia-b-2324-fameg","status":"publish","type":"product","link":"https:\/\/baldumarket.lt\/lt\/product\/linia-b-2324-fameg\/","title":{"rendered":"Linia B-2324 Fameg"},"content":{"rendered":"<p>\u201eFameg\u201c fotelis \u201eLine B-2324\u201c \u2013 tai eleganti\u0161kas ir modernus mink\u0161tas fotelis, kuriame paprastumas ir subtilumas derinami su i\u0161skirtiniu komfortu. Charakteringa, banguota ir lenkta medin\u0117 konstrukcija dera su mink\u0161ta s\u0117dyne ir didele, jaukia atlo\u0161u. D\u0117l puiki\u0173 proporcij\u0173 ir lanks\u010di\u0173 i\u0161linki\u0173 \u0161i dizainerio k\u0117d\u0117 i\u0161siskiria lengvumu ir nesenstan\u010diu stiliumi. \u201eLinia\u201c fotelis tiekiamas su porankiais, tiek be j\u0173, ir abu variantai gali b\u016bti sudedami vienas ant kito, o tai padidina j\u0173 funkcionalum\u0105. Platus apmu\u0161al\u0173 \u2013 tekstil\u0117s ir odos \u2013 pasirinkimas daro \u0161\u012f model\u012f puikiai tinkant\u012f svetainei, valgomajam, biurui ar komercinei erdvei.<\/p>","protected":false},"excerpt":{"rendered":"<p><strong>Matmenys<\/strong><\/p>\n<p>Bendras auk\u0161tis - 81 cm<\/p>\n<p>Bendras gylis \u2013 54 cm<\/p>\n<p>Bendras plotis - 55 cm<\/p>\n<p>S\u0117dyn\u0117s auk\u0161tis - 46 cm<\/p>","protected":false},"featured_media":106208,"comment_status":"open","ping_status":"closed","template":"","meta":[],"product_brand":[],"product_cat":[1930,2256,2452],"product_tag":[],"class_list":{"0":"post-110500","1":"product","2":"type-product","3":"status-publish","4":"has-post-thumbnail","6":"product_cat-chairs","7":"product_cat-fameg","8":"product_cat-fameg-armchairs","10":"first","11":"instock","12":"shipping-taxable","13":"product-type-grouped"},"_links":{"self":[{"href":"https:\/\/baldumarket.lt\/lt\/wp-json\/wp\/v2\/product\/110500","targetHints":{"allow":["GET"]}}],"collection":[{"href":"https:\/\/baldumarket.lt\/lt\/wp-json\/wp\/v2\/product"}],"about":[{"href":"https:\/\/baldumarket.lt\/lt\/wp-json\/wp\/v2\/types\/product"}],"replies":[{"embeddable":true,"href":"https:\/\/baldumarket.lt\/lt\/wp-json\/wp\/v2\/comments?post=110500"}],"wp:featuredmedia":[{"embeddable":true,"href":"https:\/\/baldumarket.lt\/lt\/wp-json\/wp\/v2\/media\/106208"}],"wp:attachment":[{"href":"https:\/\/baldumarket.lt\/lt\/wp-json\/wp\/v2\/media?parent=110500"}],"wp:term":[{"taxonomy":"product_brand","embeddable":true,"href":"https:\/\/baldumarket.lt\/lt\/wp-json\/wp\/v2\/product_brand?post=110500"},{"taxonomy":"product_cat","embeddable":true,"href":"https:\/\/baldumarket.lt\/lt\/wp-json\/wp\/v2\/product_cat?post=110500"},{"taxonomy":"product_tag","embeddable":true,"href":"https:\/\/baldumarket.lt\/lt\/wp-json\/wp\/v2\/product_tag?post=110500"}],"curies":[{"name":"wp","href":"https:\/\/api.w.org\/{rel}","templated":true}]}}