{"id":110493,"date":"2025-12-08T20:43:52","date_gmt":"2025-12-08T17:43:52","guid":{"rendered":"https:\/\/baldumarket.lt\/?post_type=product&#038;p=110493"},"modified":"2026-02-03T23:41:56","modified_gmt":"2026-02-03T20:41:56","slug":"lennox-a-1405-fameg","status":"publish","type":"product","link":"https:\/\/baldumarket.lt\/lt\/product\/lennox-a-1405-fameg\/","title":{"rendered":"Lennox A-1405 Fameg"},"content":{"rendered":"<p><strong>Produkto apra\u0161ymas<\/strong><\/p>\n<p>\u201eLennox\u201c medin\u0117s k\u0117d\u0117s, A-1405 tipo, su apmu\u0161ta, patogia s\u0117dyne \u017eavi savo elegancija ir nat\u016bralumu. Baldai pagaminti i\u0161 atsparios pa\u017eeidimams ir labai patvarios buko medienos. D\u0117mes\u012f patraukia auk\u0161tas atlo\u0161as su skersin\u0117mis lentjuost\u0117mis, kuris yra \u012fstatytas \u012f profiliuot\u0105, medin\u0119 lentyn\u0105. Baldai puikiai tinka tiek nam\u0173 erdv\u0117je, tiek moderniose kavin\u0117se, baruose ar restoranuose. \u201eLennox\u201c kolekcija sukurta pagal individual\u0173 projekt\u0105, kur\u012f atliko \u017eymus lenk\u0173 funkcini\u0173 bald\u0173 dizaineris Andrzejus L\u0119ckosas. Juose gausu audini\u0173 ir od\u0173, kuri\u0173 ra\u0161tai kartu su medienos spalv\u0173 ra\u0161tais buvo \u012ftraukti \u012f gaminio \u201eWizard\u201c kolekcij\u0105.<\/p>","protected":false},"excerpt":{"rendered":"<p><strong>Produkto parametrai<\/strong><\/p>\n<p>Plotis: 47 cm<br \/>\nGylis: 54 cm<br \/>\nAuk\u0161tis: 85 cm<br \/>\nS\u0117dyn\u0117s auk\u0161tis: 47 cm<br \/>\nBald\u0173 spalva: pasirinkti gaminio vedlyje<br \/>\nKoja: tvirta buko mediena<br \/>\nStilius: Modernus<br \/>\nMed\u017eiaga: fanera \/ audinys arba oda<br \/>\nPorankiai: Ne<br \/>\nGarantija: 2 metai<\/p>","protected":false},"featured_media":105984,"comment_status":"open","ping_status":"closed","template":"","meta":[],"product_brand":[],"product_cat":[1930,2256,2451],"product_tag":[],"class_list":{"0":"post-110493","1":"product","2":"type-product","3":"status-publish","4":"has-post-thumbnail","6":"product_cat-chairs","7":"product_cat-fameg","8":"product_cat-fameg-chairs","10":"first","11":"instock","12":"shipping-taxable","13":"product-type-grouped"},"_links":{"self":[{"href":"https:\/\/baldumarket.lt\/lt\/wp-json\/wp\/v2\/product\/110493","targetHints":{"allow":["GET"]}}],"collection":[{"href":"https:\/\/baldumarket.lt\/lt\/wp-json\/wp\/v2\/product"}],"about":[{"href":"https:\/\/baldumarket.lt\/lt\/wp-json\/wp\/v2\/types\/product"}],"replies":[{"embeddable":true,"href":"https:\/\/baldumarket.lt\/lt\/wp-json\/wp\/v2\/comments?post=110493"}],"wp:featuredmedia":[{"embeddable":true,"href":"https:\/\/baldumarket.lt\/lt\/wp-json\/wp\/v2\/media\/105984"}],"wp:attachment":[{"href":"https:\/\/baldumarket.lt\/lt\/wp-json\/wp\/v2\/media?parent=110493"}],"wp:term":[{"taxonomy":"product_brand","embeddable":true,"href":"https:\/\/baldumarket.lt\/lt\/wp-json\/wp\/v2\/product_brand?post=110493"},{"taxonomy":"product_cat","embeddable":true,"href":"https:\/\/baldumarket.lt\/lt\/wp-json\/wp\/v2\/product_cat?post=110493"},{"taxonomy":"product_tag","embeddable":true,"href":"https:\/\/baldumarket.lt\/lt\/wp-json\/wp\/v2\/product_tag?post=110493"}],"curies":[{"name":"wp","href":"https:\/\/api.w.org\/{rel}","templated":true}]}}