{"id":110492,"date":"2025-12-08T20:43:51","date_gmt":"2025-12-08T17:43:51","guid":{"rendered":"https:\/\/baldumarket.lt\/?post_type=product&#038;p=110492"},"modified":"2026-02-03T23:41:57","modified_gmt":"2026-02-03T20:41:57","slug":"lava-b-1807-fameg","status":"publish","type":"product","link":"https:\/\/baldumarket.lt\/lt\/product\/lava-b-1807-fameg\/","title":{"rendered":"Lava B-1807 Fameg"},"content":{"rendered":"<p>Produkto apra\u0161ymas<\/p>\n<p>K\u0117d\u0117 su porankiais, \u201dLava A-1807\u201d fotelis pagamintas i\u0161 auk\u0161tos kokyb\u0117s gamybos med\u017eiag\u0173. Baldams b\u016bdinga \u201e\u0161velni\u201c stilistin\u0117 linija, kuri\u0105 pabr\u0117\u017eia s\u0117dyn\u0117s apvalumas ir vir\u0161utiniai atlo\u0161o kra\u0161tai. Medin\u0117s, buko kojel\u0117s pabr\u0117\u017eia subtil\u0173, skandinavi\u0161k\u0105 k\u0117d\u0117s dizain\u0105, pabr\u0117\u017edamos jos ry\u0161\u012f su gamta. K\u0117d\u0119 suk\u016br\u0117 i\u0161kilus interjero dizaino pasaulio atstovas Andrzej L\u0119ckos, kuris de\u0161imtme\u010dius specializuojasi funkcini\u0173 bald\u0173 projektavime. Platus audini\u0173 ir odini\u0173 apmu\u0161al\u0173 pasirinkimas bei gausus spalv\u0173 palet\u0117s pasirinkimas leid\u017eia visi\u0161kai suasmeninti k\u0117des. Produkto vedlyje \u012fd\u0117ti med\u017eio spalv\u0173 trafaretai ir apdailos med\u017eiag\u0173 trafaretai.<\/p>","protected":false},"excerpt":{"rendered":"<p><strong>Produkto parametrai<\/strong><\/p>\n<p>Plotis: 53 cm<br \/>\nGylis: 60 cm<br \/>\nAuk\u0161tis: 85 cm<br \/>\nS\u0117dyn\u0117s auk\u0161tis: 49 cm<br \/>\nBald\u0173 spalva: pasirinkti gaminio vedlyje<br \/>\nKoja: tvirta buko mediena<br \/>\nStilius: Modernus<br \/>\nMed\u017eiaga: med\u017eio masyvas \/ audinys arba oda<br \/>\nPorankiai: Taip<br \/>\nGarantija: 2 metai<\/p>","protected":false},"featured_media":105950,"comment_status":"open","ping_status":"closed","template":"","meta":[],"product_brand":[],"product_cat":[1930,2256,2452],"product_tag":[],"class_list":{"0":"post-110492","1":"product","2":"type-product","3":"status-publish","4":"has-post-thumbnail","6":"product_cat-chairs","7":"product_cat-fameg","8":"product_cat-fameg-armchairs","10":"first","11":"instock","12":"shipping-taxable","13":"product-type-grouped"},"_links":{"self":[{"href":"https:\/\/baldumarket.lt\/lt\/wp-json\/wp\/v2\/product\/110492","targetHints":{"allow":["GET"]}}],"collection":[{"href":"https:\/\/baldumarket.lt\/lt\/wp-json\/wp\/v2\/product"}],"about":[{"href":"https:\/\/baldumarket.lt\/lt\/wp-json\/wp\/v2\/types\/product"}],"replies":[{"embeddable":true,"href":"https:\/\/baldumarket.lt\/lt\/wp-json\/wp\/v2\/comments?post=110492"}],"wp:featuredmedia":[{"embeddable":true,"href":"https:\/\/baldumarket.lt\/lt\/wp-json\/wp\/v2\/media\/105950"}],"wp:attachment":[{"href":"https:\/\/baldumarket.lt\/lt\/wp-json\/wp\/v2\/media?parent=110492"}],"wp:term":[{"taxonomy":"product_brand","embeddable":true,"href":"https:\/\/baldumarket.lt\/lt\/wp-json\/wp\/v2\/product_brand?post=110492"},{"taxonomy":"product_cat","embeddable":true,"href":"https:\/\/baldumarket.lt\/lt\/wp-json\/wp\/v2\/product_cat?post=110492"},{"taxonomy":"product_tag","embeddable":true,"href":"https:\/\/baldumarket.lt\/lt\/wp-json\/wp\/v2\/product_tag?post=110492"}],"curies":[{"name":"wp","href":"https:\/\/api.w.org\/{rel}","templated":true}]}}