{"id":110488,"date":"2025-12-08T20:43:50","date_gmt":"2025-12-08T17:43:50","guid":{"rendered":"https:\/\/baldumarket.lt\/?post_type=product&#038;p=110488"},"modified":"2026-02-03T23:41:57","modified_gmt":"2026-02-03T20:41:57","slug":"joc-b-2321-fameg","status":"publish","type":"product","link":"https:\/\/baldumarket.lt\/lt\/product\/joc-b-2321-fameg\/","title":{"rendered":"Joc B-2321 Fameg"},"content":{"rendered":"<p>Dizainas: YONOH STUDIO<br \/>\nDizaineriai nor\u0117jo sukurti savo medin\u0117s sulankstomos k\u0117d\u0117s versij\u0105, nes tokio tipo baldai j\u0173 \u0161eimos namuose buvo neatsiejama j\u0173 vaikyst\u0117s dalis.<br \/>\nJOC i\u0161siskiria savo individualumu ir funkcionalumu. Rezultatas \u2013 i\u0161ties ergonomi\u0161ka k\u0117d\u0117, kuri sulankstoma itin kompakti\u0161kai.<br \/>\n\u0160i k\u0117d\u0117 subtiliai derina med\u017eio masyv\u0105 su metaliniais elementais, tod\u0117l galima sukurti porankius nepakenkiant j\u0173 sud\u0117jimui \u012f vien\u0105 kr\u0117sl\u0105.<\/p>\n<p>Dar vienas i\u0161skirtinis \u0161io dizaino bruo\u017eas \u2013 faneros atlo\u0161as, kuris apgaubia atlo\u0161\u0105 ir skland\u017eiai integruojasi su medine konstrukcija. Atlo\u0161o proporcijos buvo kruop\u0161\u010diai apgalvotos, siekiant padidinti komfort\u0105 ir leisti j\u012f naudoti kaip ranken\u0105 k\u0117dei ne\u0161ti.<\/p>","protected":false},"excerpt":{"rendered":"<p>BENDRAS AUK\u0160TIS<br \/>\n78,5 cm<br \/>\nBENDRAS PLOTIS<br \/>\n53,5 cm<br \/>\nBENDRAS GYLIS<br \/>\n51,5 cm<br \/>\nS\u0116DYN\u0116S AUK\u0160TIS<br \/>\n46 cm<br \/>\nMED\u017dIAGA<br \/>\nbuko mediena<br \/>\nSVORIS<br \/>\n5,2 kg<\/p>","protected":false},"featured_media":105819,"comment_status":"open","ping_status":"closed","template":"","meta":[],"product_brand":[],"product_cat":[1930,2256,2451],"product_tag":[],"class_list":{"0":"post-110488","1":"product","2":"type-product","3":"status-publish","4":"has-post-thumbnail","6":"product_cat-chairs","7":"product_cat-fameg","8":"product_cat-fameg-chairs","10":"first","11":"instock","12":"shipping-taxable","13":"product-type-grouped"},"_links":{"self":[{"href":"https:\/\/baldumarket.lt\/lt\/wp-json\/wp\/v2\/product\/110488","targetHints":{"allow":["GET"]}}],"collection":[{"href":"https:\/\/baldumarket.lt\/lt\/wp-json\/wp\/v2\/product"}],"about":[{"href":"https:\/\/baldumarket.lt\/lt\/wp-json\/wp\/v2\/types\/product"}],"replies":[{"embeddable":true,"href":"https:\/\/baldumarket.lt\/lt\/wp-json\/wp\/v2\/comments?post=110488"}],"wp:featuredmedia":[{"embeddable":true,"href":"https:\/\/baldumarket.lt\/lt\/wp-json\/wp\/v2\/media\/105819"}],"wp:attachment":[{"href":"https:\/\/baldumarket.lt\/lt\/wp-json\/wp\/v2\/media?parent=110488"}],"wp:term":[{"taxonomy":"product_brand","embeddable":true,"href":"https:\/\/baldumarket.lt\/lt\/wp-json\/wp\/v2\/product_brand?post=110488"},{"taxonomy":"product_cat","embeddable":true,"href":"https:\/\/baldumarket.lt\/lt\/wp-json\/wp\/v2\/product_cat?post=110488"},{"taxonomy":"product_tag","embeddable":true,"href":"https:\/\/baldumarket.lt\/lt\/wp-json\/wp\/v2\/product_tag?post=110488"}],"curies":[{"name":"wp","href":"https:\/\/api.w.org\/{rel}","templated":true}]}}