{"id":110486,"date":"2025-12-08T20:43:49","date_gmt":"2025-12-08T17:43:49","guid":{"rendered":"https:\/\/baldumarket.lt\/?post_type=product&#038;p=110486"},"modified":"2026-04-12T01:03:58","modified_gmt":"2026-04-11T22:03:58","slug":"hips-bstm-1802-1-fameg","status":"publish","type":"product","link":"https:\/\/baldumarket.lt\/lt\/product\/hips-bstm-1802-1-fameg\/","title":{"rendered":"Klubai BSTM-1802\/1 Fameg"},"content":{"rendered":"<p>HIPS baro k\u0117d\u0117 idealiai tinka kuriant \u0161iltas ir jaukias erdves d\u0117l metalinio r\u0117mo ir audiniu aptraukto stalvir\u0161io. Ji turi ergonomi\u0161k\u0105 ir apgaubiant\u012f atlo\u0161\u0105 su paprasta konstrukcija. Tai k\u0117d\u0117, kuri papildys j\u016bs\u0173 nam\u0173 baldus, suteikdama skandinavi\u0161ko prisilietimo, ta\u010diau puikiai tiks bet kokio dekoro stiliaus kambariuose.<\/p>","protected":false},"excerpt":{"rendered":"<p>BENDRAS AUK\u0160TIS<br \/>\n102 cm<br \/>\nBENDRAS PLOTIS<br \/>\n53 cm<br \/>\nBENDRAS GYLIS<br \/>\n53,5 cm<br \/>\nS\u0116DYN\u0116S AUK\u0160TIS<br \/>\n76 cm<br \/>\nMED\u017dIAGA<br \/>\nbuko mediena, metalas<br \/>\nSPALVA<br \/>\npasirinkti<br \/>\nAUDINYS<br \/>\npasirinkti<br \/>\nSVORIS<br \/>\n9,3 kg<\/p>","protected":false},"featured_media":105757,"comment_status":"open","ping_status":"closed","template":"","meta":[],"product_brand":[],"product_cat":[2256,9119],"product_tag":[],"class_list":{"0":"post-110486","1":"product","2":"type-product","3":"status-publish","4":"has-post-thumbnail","6":"product_cat-fameg","7":"product_cat-fameg-bar-chairs","9":"first","10":"instock","11":"shipping-taxable","12":"product-type-grouped"},"_links":{"self":[{"href":"https:\/\/baldumarket.lt\/lt\/wp-json\/wp\/v2\/product\/110486","targetHints":{"allow":["GET"]}}],"collection":[{"href":"https:\/\/baldumarket.lt\/lt\/wp-json\/wp\/v2\/product"}],"about":[{"href":"https:\/\/baldumarket.lt\/lt\/wp-json\/wp\/v2\/types\/product"}],"replies":[{"embeddable":true,"href":"https:\/\/baldumarket.lt\/lt\/wp-json\/wp\/v2\/comments?post=110486"}],"wp:featuredmedia":[{"embeddable":true,"href":"https:\/\/baldumarket.lt\/lt\/wp-json\/wp\/v2\/media\/105757"}],"wp:attachment":[{"href":"https:\/\/baldumarket.lt\/lt\/wp-json\/wp\/v2\/media?parent=110486"}],"wp:term":[{"taxonomy":"product_brand","embeddable":true,"href":"https:\/\/baldumarket.lt\/lt\/wp-json\/wp\/v2\/product_brand?post=110486"},{"taxonomy":"product_cat","embeddable":true,"href":"https:\/\/baldumarket.lt\/lt\/wp-json\/wp\/v2\/product_cat?post=110486"},{"taxonomy":"product_tag","embeddable":true,"href":"https:\/\/baldumarket.lt\/lt\/wp-json\/wp\/v2\/product_tag?post=110486"}],"curies":[{"name":"wp","href":"https:\/\/api.w.org\/{rel}","templated":true}]}}