{"id":110484,"date":"2025-12-08T20:43:49","date_gmt":"2025-12-08T17:43:49","guid":{"rendered":"https:\/\/baldumarket.lt\/?post_type=product&#038;p=110484"},"modified":"2026-04-12T01:03:58","modified_gmt":"2026-04-11T22:03:58","slug":"hips-bstm-1802-fameg","status":"publish","type":"product","link":"https:\/\/baldumarket.lt\/lt\/product\/hips-bstm-1802-fameg\/","title":{"rendered":"Klubai BSTM-1802 Fameg"},"content":{"rendered":"<p>HIPS baro k\u0117d\u0117, pagaminta i\u0161 buko medienos, su juodu metaliniu r\u0117mu. \u201eFameg\u201c baro k\u0117d\u0117 pasi\u017eymi i\u0161skirtiniu skandinavi\u0161ku stiliumi su modernumo u\u017euomina, sukuria eleganti\u0161k\u0105 ir rafinuot\u0105 element\u0105, kuris suteiks j\u016bs\u0173 namams asmeni\u0161kumo. Funkcionali HIPS k\u0117d\u0117, puikiai tinkanti virtuvei ir net geriausiems barams bei restoranams.<\/p>","protected":false},"excerpt":{"rendered":"<p>BENDRAS AUK\u0160TIS<br \/>\n101 cm<br \/>\nBENDRAS PLOTIS<br \/>\n53 cm<br \/>\nBENDRAS GYLIS<br \/>\n53,5 cm<br \/>\nS\u0116DYN\u0116S AUK\u0160TIS<br \/>\n74 cm<br \/>\nMED\u017dIAGA<br \/>\nbuko mediena, metalas<br \/>\nSPALVA<br \/>\npasirinkti<\/p>","protected":false},"featured_media":105691,"comment_status":"open","ping_status":"closed","template":"","meta":[],"product_brand":[],"product_cat":[1930,2256,9119],"product_tag":[],"class_list":{"0":"post-110484","1":"product","2":"type-product","3":"status-publish","4":"has-post-thumbnail","6":"product_cat-chairs","7":"product_cat-fameg","8":"product_cat-fameg-bar-chairs","10":"first","11":"instock","12":"shipping-taxable","13":"product-type-grouped"},"_links":{"self":[{"href":"https:\/\/baldumarket.lt\/lt\/wp-json\/wp\/v2\/product\/110484","targetHints":{"allow":["GET"]}}],"collection":[{"href":"https:\/\/baldumarket.lt\/lt\/wp-json\/wp\/v2\/product"}],"about":[{"href":"https:\/\/baldumarket.lt\/lt\/wp-json\/wp\/v2\/types\/product"}],"replies":[{"embeddable":true,"href":"https:\/\/baldumarket.lt\/lt\/wp-json\/wp\/v2\/comments?post=110484"}],"wp:featuredmedia":[{"embeddable":true,"href":"https:\/\/baldumarket.lt\/lt\/wp-json\/wp\/v2\/media\/105691"}],"wp:attachment":[{"href":"https:\/\/baldumarket.lt\/lt\/wp-json\/wp\/v2\/media?parent=110484"}],"wp:term":[{"taxonomy":"product_brand","embeddable":true,"href":"https:\/\/baldumarket.lt\/lt\/wp-json\/wp\/v2\/product_brand?post=110484"},{"taxonomy":"product_cat","embeddable":true,"href":"https:\/\/baldumarket.lt\/lt\/wp-json\/wp\/v2\/product_cat?post=110484"},{"taxonomy":"product_tag","embeddable":true,"href":"https:\/\/baldumarket.lt\/lt\/wp-json\/wp\/v2\/product_tag?post=110484"}],"curies":[{"name":"wp","href":"https:\/\/api.w.org\/{rel}","templated":true}]}}