{"id":110479,"date":"2025-12-08T20:43:26","date_gmt":"2025-12-08T17:43:26","guid":{"rendered":"https:\/\/baldumarket.lt\/?post_type=product&#038;p=110479"},"modified":"2026-04-12T01:03:58","modified_gmt":"2026-04-11T22:03:58","slug":"hips-am-1802-2-fameg","status":"publish","type":"product","link":"https:\/\/baldumarket.lt\/lt\/product\/hips-am-1802-2-fameg\/","title":{"rendered":"Klubai AM-1802\/2 Fameg"},"content":{"rendered":"<p>\u201eHips AM-1802\/2\u201c kr\u0117slas \u2013 \u201eFameg\u201c prek\u0117s \u017eenklo naujiena \u2013 versija su metalin\u0117mis kojel\u0117mis. \u201eHips\u201c pasi\u017eymi nesenstan\u010diu, eleganti\u0161ku dizainu. Lygios linijos suteikia kr\u0117slui modern\u0173 charakter\u012f.<\/p>\n<p>K\u0117d\u0117 pagaminta i\u0161 faneros, naudojant pa\u017eangi\u0105 medienos lenkimo technologij\u0105. S\u0117dyn\u0117s storio pakeitimas suteikia jai lengvumo, i\u0161ry\u0161kina plonus kra\u0161tus ir u\u017etikrina tvirt\u0105 konstrukcij\u0105. \u201eHips\u201c serija sukurta moderniems interjerams, restoranams ir vie\u0161bu\u010diams. \u201eHips\u201c kolekcija yra keli\u0173 versij\u0173: be apmu\u0161al\u0173, su apmu\u0161ta s\u0117dyne arba visi\u0161kai aptraukta audiniu arba oda.<\/p>","protected":false},"excerpt":{"rendered":"<p><strong>Matmenys<\/strong><br \/>\nauk\u0161tis: 80 cm,<br \/>\ngylis: 50,5 cm,<br \/>\nplotis: 45,5 cm,<br \/>\ns\u0117dyn\u0117s auk\u0161tis: 45 cm<\/p>","protected":false},"featured_media":105527,"comment_status":"open","ping_status":"closed","template":"","meta":[],"product_brand":[],"product_cat":[1930,2256,2451],"product_tag":[],"class_list":{"0":"post-110479","1":"product","2":"type-product","3":"status-publish","4":"has-post-thumbnail","6":"product_cat-chairs","7":"product_cat-fameg","8":"product_cat-fameg-chairs","10":"first","11":"instock","12":"shipping-taxable","13":"product-type-grouped"},"_links":{"self":[{"href":"https:\/\/baldumarket.lt\/lt\/wp-json\/wp\/v2\/product\/110479","targetHints":{"allow":["GET"]}}],"collection":[{"href":"https:\/\/baldumarket.lt\/lt\/wp-json\/wp\/v2\/product"}],"about":[{"href":"https:\/\/baldumarket.lt\/lt\/wp-json\/wp\/v2\/types\/product"}],"replies":[{"embeddable":true,"href":"https:\/\/baldumarket.lt\/lt\/wp-json\/wp\/v2\/comments?post=110479"}],"wp:featuredmedia":[{"embeddable":true,"href":"https:\/\/baldumarket.lt\/lt\/wp-json\/wp\/v2\/media\/105527"}],"wp:attachment":[{"href":"https:\/\/baldumarket.lt\/lt\/wp-json\/wp\/v2\/media?parent=110479"}],"wp:term":[{"taxonomy":"product_brand","embeddable":true,"href":"https:\/\/baldumarket.lt\/lt\/wp-json\/wp\/v2\/product_brand?post=110479"},{"taxonomy":"product_cat","embeddable":true,"href":"https:\/\/baldumarket.lt\/lt\/wp-json\/wp\/v2\/product_cat?post=110479"},{"taxonomy":"product_tag","embeddable":true,"href":"https:\/\/baldumarket.lt\/lt\/wp-json\/wp\/v2\/product_tag?post=110479"}],"curies":[{"name":"wp","href":"https:\/\/api.w.org\/{rel}","templated":true}]}}