{"id":110477,"date":"2025-12-08T20:43:25","date_gmt":"2025-12-08T17:43:25","guid":{"rendered":"https:\/\/baldumarket.lt\/?post_type=product&#038;p=110477"},"modified":"2026-04-12T01:03:58","modified_gmt":"2026-04-11T22:03:58","slug":"hips-am-1802-fameg","status":"publish","type":"product","link":"https:\/\/baldumarket.lt\/lt\/product\/hips-am-1802-fameg\/","title":{"rendered":"Klubai AM-1802 Fameg"},"content":{"rendered":"<p>\u201eHips\u201c k\u0117d\u017ei\u0173 ant metalini\u0173 lentyn\u0173 modeliai gali b\u016bti juodo metalo. Kit\u0173 spalv\u0173 lentyn\u0173 kaina derinama atskirai. K\u0117d\u0117 pagaminta i\u0161 buko medienos. Spalv\u0173 gama \u2013 BUK STANDARD arba BUK PREMIUM versijoje. Galite rinktis kiet\u0105 arba apmu\u0161t\u0105 s\u0117dyn\u0119. Galite rinktis i\u0161 \u012fvairi\u0173 audini\u0173 pa\u010diomis \u012fmantriausiomis spalvomis.<\/p>","protected":false},"excerpt":{"rendered":"<p><strong>Parametrai:<\/strong><\/p>\n<p>Mediena (tipas) Bukas;<\/p>\n<p>Bendras auk\u0161tis (mm) 790;<\/p>\n<p>Bendras gylis (mm) 535; ;<\/p>\n<p>Bendras plotis (mm) 530;<\/p>\n<p>S\u0117dyn\u0117s auk\u0161tis (mm) 480;<\/p>","protected":false},"featured_media":105458,"comment_status":"open","ping_status":"closed","template":"","meta":[],"product_brand":[],"product_cat":[1930,2256],"product_tag":[],"class_list":{"0":"post-110477","1":"product","2":"type-product","3":"status-publish","4":"has-post-thumbnail","6":"product_cat-chairs","7":"product_cat-fameg","9":"first","10":"instock","11":"shipping-taxable","12":"product-type-grouped"},"_links":{"self":[{"href":"https:\/\/baldumarket.lt\/lt\/wp-json\/wp\/v2\/product\/110477","targetHints":{"allow":["GET"]}}],"collection":[{"href":"https:\/\/baldumarket.lt\/lt\/wp-json\/wp\/v2\/product"}],"about":[{"href":"https:\/\/baldumarket.lt\/lt\/wp-json\/wp\/v2\/types\/product"}],"replies":[{"embeddable":true,"href":"https:\/\/baldumarket.lt\/lt\/wp-json\/wp\/v2\/comments?post=110477"}],"wp:featuredmedia":[{"embeddable":true,"href":"https:\/\/baldumarket.lt\/lt\/wp-json\/wp\/v2\/media\/105458"}],"wp:attachment":[{"href":"https:\/\/baldumarket.lt\/lt\/wp-json\/wp\/v2\/media?parent=110477"}],"wp:term":[{"taxonomy":"product_brand","embeddable":true,"href":"https:\/\/baldumarket.lt\/lt\/wp-json\/wp\/v2\/product_brand?post=110477"},{"taxonomy":"product_cat","embeddable":true,"href":"https:\/\/baldumarket.lt\/lt\/wp-json\/wp\/v2\/product_cat?post=110477"},{"taxonomy":"product_tag","embeddable":true,"href":"https:\/\/baldumarket.lt\/lt\/wp-json\/wp\/v2\/product_tag?post=110477"}],"curies":[{"name":"wp","href":"https:\/\/api.w.org\/{rel}","templated":true}]}}