{"id":110476,"date":"2025-12-08T20:43:25","date_gmt":"2025-12-08T17:43:25","guid":{"rendered":"https:\/\/baldumarket.lt\/?post_type=product&#038;p=110476"},"modified":"2026-04-12T01:03:58","modified_gmt":"2026-04-11T22:03:58","slug":"hips-a-1802-2-fameg","status":"publish","type":"product","link":"https:\/\/baldumarket.lt\/lt\/product\/hips-a-1802-2-fameg\/","title":{"rendered":"Hips A-1802\/2 Fameg"},"content":{"rendered":"<p>\u201eHips\u201c kolekcija \u2013 tai s\u0117dyni\u0173 serija, sukurta \u0161iuolaikiniams restoranams, maisto aik\u0161tel\u0117ms ir moderniems nam\u0173 interjerams. Kolekcija pagaminta vien i\u0161 \u012fvairaus storio faneros, tai modernaus eleganti\u0161ko dizaino ir pa\u017eangios medienos lenkimo technologijos derinys.<\/p>\n<p>I\u0161 prid\u0117to trafareto i\u0161sirinkite jus dominan\u010di\u0105 medienos spalv\u0105 ir koj\u0173 atram\u0117les. K\u0117d\u0117 taip pat prieinama papra\u0161ius. I\u0161samesn\u0117 informacija klient\u0173 aptarnavimo skyriuje.<\/p>","protected":false},"excerpt":{"rendered":"<p>Plotis: 49 cm<br \/>\nGylis: 52 cm<br \/>\nS\u0117dyn\u0117s auk\u0161tis: 46 cm<br \/>\nSvoris: 6 kg<\/p>","protected":false},"featured_media":105425,"comment_status":"open","ping_status":"closed","template":"","meta":[],"product_brand":[],"product_cat":[1930,2256,2451],"product_tag":[],"class_list":{"0":"post-110476","1":"product","2":"type-product","3":"status-publish","4":"has-post-thumbnail","6":"product_cat-chairs","7":"product_cat-fameg","8":"product_cat-fameg-chairs","10":"first","11":"instock","12":"shipping-taxable","13":"product-type-grouped"},"_links":{"self":[{"href":"https:\/\/baldumarket.lt\/lt\/wp-json\/wp\/v2\/product\/110476","targetHints":{"allow":["GET"]}}],"collection":[{"href":"https:\/\/baldumarket.lt\/lt\/wp-json\/wp\/v2\/product"}],"about":[{"href":"https:\/\/baldumarket.lt\/lt\/wp-json\/wp\/v2\/types\/product"}],"replies":[{"embeddable":true,"href":"https:\/\/baldumarket.lt\/lt\/wp-json\/wp\/v2\/comments?post=110476"}],"wp:featuredmedia":[{"embeddable":true,"href":"https:\/\/baldumarket.lt\/lt\/wp-json\/wp\/v2\/media\/105425"}],"wp:attachment":[{"href":"https:\/\/baldumarket.lt\/lt\/wp-json\/wp\/v2\/media?parent=110476"}],"wp:term":[{"taxonomy":"product_brand","embeddable":true,"href":"https:\/\/baldumarket.lt\/lt\/wp-json\/wp\/v2\/product_brand?post=110476"},{"taxonomy":"product_cat","embeddable":true,"href":"https:\/\/baldumarket.lt\/lt\/wp-json\/wp\/v2\/product_cat?post=110476"},{"taxonomy":"product_tag","embeddable":true,"href":"https:\/\/baldumarket.lt\/lt\/wp-json\/wp\/v2\/product_tag?post=110476"}],"curies":[{"name":"wp","href":"https:\/\/api.w.org\/{rel}","templated":true}]}}