{"id":110475,"date":"2025-12-08T20:43:25","date_gmt":"2025-12-08T17:43:25","guid":{"rendered":"https:\/\/baldumarket.lt\/?post_type=product&#038;p=110475"},"modified":"2026-04-12T01:03:58","modified_gmt":"2026-04-11T22:03:58","slug":"hips-a-1802-1-fameg-2","status":"publish","type":"product","link":"https:\/\/baldumarket.lt\/lt\/product\/hips-a-1802-1-fameg-2\/","title":{"rendered":"Klubai A-1802\/1 Fameg"},"content":{"rendered":"<p>Produkto apra\u0161ymas<\/p>\n<p>K\u0117d\u0117 su apmu\u0161ta s\u0117dyne ir atlo\u0161u \u201eHips A-1802\/1\u201c yra pagaminta i\u0161 ergonomi\u0161kos ir labai patvarios profiliuotos faneros. D\u0117l unikalios gamybos technologijos ir auk\u0161tos kokyb\u0117s naudojam\u0173 med\u017eiag\u0173 baldai yra ne tik labai vizualiai patraukl\u016bs, bet ir itin patvar\u016bs bei atspar\u016bs pa\u017eeidimams. \u201eHips\u201c k\u0117d\u017ei\u0173 kolekcija puikiai tiks tiek nam\u0173 erdv\u0117je, tiek moderniuose restoranuose, vie\u0161bu\u010diuose ir pla\u010diai suprantamoje vie\u0161ojoje erdv\u0117je. Baldus suk\u016br\u0117 Bart\u0142omiej Pawlak ir \u0142ukasz Stawarski. K\u0117d\u0117 yra su apmu\u0161ta s\u0117dyne, apmu\u0161ta s\u0117dyne ir atlo\u0161u, taip pat su visi\u0161kai profiliuota, lygia fanera i\u0161 buko ir \u0105\u017euolo luk\u0161to.<\/p>","protected":false},"excerpt":{"rendered":"<p><strong>Produkto parametrai<\/strong><\/p>\n<p>Plotis: 49 cm<br \/>\nGylis: 52 cm<br \/>\nAuk\u0161tis: 80 cm<br \/>\nS\u0117dyn\u0117s auk\u0161tis: 47 cm<br \/>\nBald\u0173 spalva: pasirinkti gaminio vedlyje<br \/>\nKoja: profiliuota fanera<br \/>\nStilius: Modernus<br \/>\nMed\u017eiaga: fanera \/ audinys arba oda<br \/>\nPorankiai: Ne<br \/>\nGarantija: 2 metai<\/p>","protected":false},"featured_media":105393,"comment_status":"open","ping_status":"closed","template":"","meta":[],"product_brand":[],"product_cat":[1930,2256,2451],"product_tag":[],"class_list":{"0":"post-110475","1":"product","2":"type-product","3":"status-publish","4":"has-post-thumbnail","6":"product_cat-chairs","7":"product_cat-fameg","8":"product_cat-fameg-chairs","10":"first","11":"instock","12":"shipping-taxable","13":"product-type-grouped"},"_links":{"self":[{"href":"https:\/\/baldumarket.lt\/lt\/wp-json\/wp\/v2\/product\/110475","targetHints":{"allow":["GET"]}}],"collection":[{"href":"https:\/\/baldumarket.lt\/lt\/wp-json\/wp\/v2\/product"}],"about":[{"href":"https:\/\/baldumarket.lt\/lt\/wp-json\/wp\/v2\/types\/product"}],"replies":[{"embeddable":true,"href":"https:\/\/baldumarket.lt\/lt\/wp-json\/wp\/v2\/comments?post=110475"}],"wp:featuredmedia":[{"embeddable":true,"href":"https:\/\/baldumarket.lt\/lt\/wp-json\/wp\/v2\/media\/105393"}],"wp:attachment":[{"href":"https:\/\/baldumarket.lt\/lt\/wp-json\/wp\/v2\/media?parent=110475"}],"wp:term":[{"taxonomy":"product_brand","embeddable":true,"href":"https:\/\/baldumarket.lt\/lt\/wp-json\/wp\/v2\/product_brand?post=110475"},{"taxonomy":"product_cat","embeddable":true,"href":"https:\/\/baldumarket.lt\/lt\/wp-json\/wp\/v2\/product_cat?post=110475"},{"taxonomy":"product_tag","embeddable":true,"href":"https:\/\/baldumarket.lt\/lt\/wp-json\/wp\/v2\/product_tag?post=110475"}],"curies":[{"name":"wp","href":"https:\/\/api.w.org\/{rel}","templated":true}]}}