{"id":110470,"date":"2025-12-08T20:43:23","date_gmt":"2025-12-08T17:43:23","guid":{"rendered":"https:\/\/baldumarket.lt\/?post_type=product&#038;p=110470"},"modified":"2026-04-11T22:06:58","modified_gmt":"2026-04-11T19:06:58","slug":"hey-stk-1711-fameg","status":"publish","type":"product","link":"https:\/\/baldumarket.lt\/lt\/product\/hey-stk-1711-fameg\/","title":{"rendered":"Ei, STK-1711 Fameg"},"content":{"rendered":"<p>Galimi stalvir\u0161i\u0173 dyd\u017eiai: 600\u00d7600, \u00d8600, 700\u00d7700, \u00d8700<br \/>\nDizainas: Pawlak &amp; Stawarski<br \/>\n\u201eHey\u201c kolekcija \u2013 tai alternatyva stalams su metaliniais pagrindais. Kolekcija pagaminta vien i\u0161 nat\u016bralios medienos. Visos \u201eHey\u201c kolekcijos stal\u0173 versijos pagamintos i\u0161 vieno profilio. Plati fanera supjaustoma \u012f trij\u0173 arba keturi\u0173 koj\u0173 komponentus, taip sukuriant trij\u0173 koj\u0173 pagrind\u0105 stalams su apvaliais stalvir\u0161iais ir keturi\u0173 koj\u0173 pagrind\u0105 stalams su kvadratiniais stalvir\u0161iais. Stalo pagrindas yra eleganti\u0161kos formos, o vieta, kur kojos susijungia ir sudaro kolon\u0105, yra i\u0161skirtin\u0117 \u0161io baldo detal\u0117.<br \/>\nStalai gali b\u016bti da\u017eomi viena spalva arba atskirai, taip sukuriant \u012fvairiapus\u012f vaizd\u0105.<br \/>\n\u201eHey\u201c stal\u0173 \u0161eimos koncepcija pagr\u012fsta i\u0161maniu ir subalansuotu faneros lenkimo technologijos panaudojimu. Gaminant kojas i\u0161 vienos formos, gaunami keturi stal\u0173 variantai. Sukurta galvojant apie \u0161iuolaikinius restoranus ir maisto aik\u0161teles, \u201eHey\u201c stal\u0173 kolekcija taip pat tiks bet kokiam moderniam nam\u0173 interjerui.<br \/>\n# fanera # dizainas<\/p>","protected":false},"excerpt":{"rendered":"<p>Galimi stalvir\u0161i\u0173 dyd\u017eiai: 600\u00d7600, \u00d8600, 700\u00d7700, \u00d8700 Dizainas: Pawlak &amp; Stawarski \u201eHey\u201c kolekcija \u2013 tai alternatyva stalams su metaliniais pagrindais. Kolekcija pagaminta vien i\u0161 nat\u016bralios medienos. Visos \u201eHey\u201c kolekcijos stal\u0173 versijos pagamintos i\u0161 vieno profilio. Plati fanera supjaustoma \u012f tris arba keturias kojeles, taip sukuriant [\u2026]<\/p>","protected":false},"featured_media":105232,"comment_status":"open","ping_status":"closed","template":"","meta":[],"product_brand":[],"product_cat":[2256,1934],"product_tag":[],"class_list":{"0":"post-110470","1":"product","2":"type-product","3":"status-publish","4":"has-post-thumbnail","6":"product_cat-fameg","7":"product_cat-tables","9":"first","10":"instock","11":"shipping-taxable","12":"product-type-grouped"},"_links":{"self":[{"href":"https:\/\/baldumarket.lt\/lt\/wp-json\/wp\/v2\/product\/110470","targetHints":{"allow":["GET"]}}],"collection":[{"href":"https:\/\/baldumarket.lt\/lt\/wp-json\/wp\/v2\/product"}],"about":[{"href":"https:\/\/baldumarket.lt\/lt\/wp-json\/wp\/v2\/types\/product"}],"replies":[{"embeddable":true,"href":"https:\/\/baldumarket.lt\/lt\/wp-json\/wp\/v2\/comments?post=110470"}],"wp:featuredmedia":[{"embeddable":true,"href":"https:\/\/baldumarket.lt\/lt\/wp-json\/wp\/v2\/media\/105232"}],"wp:attachment":[{"href":"https:\/\/baldumarket.lt\/lt\/wp-json\/wp\/v2\/media?parent=110470"}],"wp:term":[{"taxonomy":"product_brand","embeddable":true,"href":"https:\/\/baldumarket.lt\/lt\/wp-json\/wp\/v2\/product_brand?post=110470"},{"taxonomy":"product_cat","embeddable":true,"href":"https:\/\/baldumarket.lt\/lt\/wp-json\/wp\/v2\/product_cat?post=110470"},{"taxonomy":"product_tag","embeddable":true,"href":"https:\/\/baldumarket.lt\/lt\/wp-json\/wp\/v2\/product_tag?post=110470"}],"curies":[{"name":"wp","href":"https:\/\/api.w.org\/{rel}","templated":true}]}}