{"id":110461,"date":"2025-12-08T20:43:00","date_gmt":"2025-12-08T17:43:00","guid":{"rendered":"https:\/\/baldumarket.lt\/?post_type=product&#038;p=110461"},"modified":"2026-02-03T23:42:01","modified_gmt":"2026-02-03T20:42:01","slug":"finn-t-1609-46-fameg","status":"publish","type":"product","link":"https:\/\/baldumarket.lt\/lt\/product\/finn-t-1609-46-fameg\/","title":{"rendered":"Finn T-1609\/46 Fameg"},"content":{"rendered":"<p><strong>Produkto apra\u0161ymas<\/strong><\/p>\n<p>Medinis apmu\u0161tas taburet\u0117 virtuvei, prie\u0161kambariui ir svetainei T-1609\/46 \u017eavi savo stiliumi ir detal\u0117mis. \u0160is labai eleganti\u0161kas ir dizainerio kurtas baldas pagamintas i\u0161 auk\u0161tos kokyb\u0117s gamybos med\u017eiag\u0173. Mink\u0161ta s\u0117dyn\u0117 remiasi \u012f subtilias, medines kojeles. Taburet\u0117 pagaminta i\u0161 profiliuotos faneros ir patvarios buko medienos. Taburet\u0117 si\u016bloma \u012fvairi\u0173 spalv\u0173 ir apmu\u0161al\u0173 audini\u0173, kuri\u0173 ra\u0161tai i\u0161vardyti gaminio vedlyje.<\/p>","protected":false},"excerpt":{"rendered":"<p><strong>Produkto parametrai<\/strong><\/p>\n<p>Plotis: 44 cm<br \/>\nGylis: 39 cm<br \/>\nAuk\u0161tis: 49 cm<br \/>\nBald\u0173 spalva: pasirinkti gaminio vedlyje<br \/>\nKoja: tvirta buko mediena<br \/>\nStilius: Modernus<br \/>\nApdailos med\u017eiaga: audinys, nat\u016brali oda arba eko oda<br \/>\nGarantija: 2 metai<\/p>","protected":false},"featured_media":104940,"comment_status":"open","ping_status":"closed","template":"","meta":[],"product_brand":[],"product_cat":[1930,2256,2451],"product_tag":[],"class_list":{"0":"post-110461","1":"product","2":"type-product","3":"status-publish","4":"has-post-thumbnail","6":"product_cat-chairs","7":"product_cat-fameg","8":"product_cat-fameg-chairs","10":"first","11":"instock","12":"shipping-taxable","13":"product-type-grouped"},"_links":{"self":[{"href":"https:\/\/baldumarket.lt\/lt\/wp-json\/wp\/v2\/product\/110461","targetHints":{"allow":["GET"]}}],"collection":[{"href":"https:\/\/baldumarket.lt\/lt\/wp-json\/wp\/v2\/product"}],"about":[{"href":"https:\/\/baldumarket.lt\/lt\/wp-json\/wp\/v2\/types\/product"}],"replies":[{"embeddable":true,"href":"https:\/\/baldumarket.lt\/lt\/wp-json\/wp\/v2\/comments?post=110461"}],"wp:featuredmedia":[{"embeddable":true,"href":"https:\/\/baldumarket.lt\/lt\/wp-json\/wp\/v2\/media\/104940"}],"wp:attachment":[{"href":"https:\/\/baldumarket.lt\/lt\/wp-json\/wp\/v2\/media?parent=110461"}],"wp:term":[{"taxonomy":"product_brand","embeddable":true,"href":"https:\/\/baldumarket.lt\/lt\/wp-json\/wp\/v2\/product_brand?post=110461"},{"taxonomy":"product_cat","embeddable":true,"href":"https:\/\/baldumarket.lt\/lt\/wp-json\/wp\/v2\/product_cat?post=110461"},{"taxonomy":"product_tag","embeddable":true,"href":"https:\/\/baldumarket.lt\/lt\/wp-json\/wp\/v2\/product_tag?post=110461"}],"curies":[{"name":"wp","href":"https:\/\/api.w.org\/{rel}","templated":true}]}}