{"id":110460,"date":"2025-12-08T20:42:59","date_gmt":"2025-12-08T17:42:59","guid":{"rendered":"https:\/\/baldumarket.lt\/?post_type=product&#038;p=110460"},"modified":"2026-02-03T23:42:01","modified_gmt":"2026-02-03T20:42:01","slug":"finn-t-1609-33-fameg","status":"publish","type":"product","link":"https:\/\/baldumarket.lt\/lt\/product\/finn-t-1609-33-fameg\/","title":{"rendered":"Finn T-1609\/33 Fameg"},"content":{"rendered":"<p><strong>Produkto apra\u0161ymas<\/strong><\/p>\n<p>\u201eFameg\u201c medin\u0117 taburet\u0117 virtuvei ir svetainei T-1609\/33 \u017eavi savo stiliumi ir detal\u0117mis. Jos skandinavi\u0161k\u0105 charakter\u012f pabr\u0117\u017eia auk\u0161tos kokyb\u0117s, nat\u016bralios gamybos \u017ealiavos. Taburet\u0117s s\u0117dyn\u0117 pagaminta i\u0161 patvarios faneros, o kojos \u2013 i\u0161 patvarios buko medienos. Baldai si\u016blomi \u012fvairi\u0173 spalv\u0173, kuri\u0173 ra\u0161tai i\u0161vardyti gaminio vedlyje.<\/p>","protected":false},"excerpt":{"rendered":"<p><strong>Produkto parametrai<\/strong><\/p>\n<p>Plotis: 37 cm<br \/>\nGylis: 34 cm<br \/>\nAuk\u0161tis: 33 cm<br \/>\nBald\u0173 spalva: pasirinkti gaminio vedlyje<br \/>\nKoja: tvirta buko mediena<br \/>\nStilius: Modernus<br \/>\nGarantija: 2 metai<\/p>","protected":false},"featured_media":104910,"comment_status":"open","ping_status":"closed","template":"","meta":[],"product_brand":[],"product_cat":[1930,2256,2451],"product_tag":[],"class_list":{"0":"post-110460","1":"product","2":"type-product","3":"status-publish","4":"has-post-thumbnail","6":"product_cat-chairs","7":"product_cat-fameg","8":"product_cat-fameg-chairs","10":"first","11":"instock","12":"shipping-taxable","13":"product-type-grouped"},"_links":{"self":[{"href":"https:\/\/baldumarket.lt\/lt\/wp-json\/wp\/v2\/product\/110460","targetHints":{"allow":["GET"]}}],"collection":[{"href":"https:\/\/baldumarket.lt\/lt\/wp-json\/wp\/v2\/product"}],"about":[{"href":"https:\/\/baldumarket.lt\/lt\/wp-json\/wp\/v2\/types\/product"}],"replies":[{"embeddable":true,"href":"https:\/\/baldumarket.lt\/lt\/wp-json\/wp\/v2\/comments?post=110460"}],"wp:featuredmedia":[{"embeddable":true,"href":"https:\/\/baldumarket.lt\/lt\/wp-json\/wp\/v2\/media\/104910"}],"wp:attachment":[{"href":"https:\/\/baldumarket.lt\/lt\/wp-json\/wp\/v2\/media?parent=110460"}],"wp:term":[{"taxonomy":"product_brand","embeddable":true,"href":"https:\/\/baldumarket.lt\/lt\/wp-json\/wp\/v2\/product_brand?post=110460"},{"taxonomy":"product_cat","embeddable":true,"href":"https:\/\/baldumarket.lt\/lt\/wp-json\/wp\/v2\/product_cat?post=110460"},{"taxonomy":"product_tag","embeddable":true,"href":"https:\/\/baldumarket.lt\/lt\/wp-json\/wp\/v2\/product_tag?post=110460"}],"curies":[{"name":"wp","href":"https:\/\/api.w.org\/{rel}","templated":true}]}}