{"id":110459,"date":"2025-12-08T20:42:59","date_gmt":"2025-12-08T17:42:59","guid":{"rendered":"https:\/\/baldumarket.lt\/?post_type=product&#038;p=110459"},"modified":"2026-02-03T23:42:01","modified_gmt":"2026-02-03T20:42:01","slug":"finn-bst-1609-75-fameg","status":"publish","type":"product","link":"https:\/\/baldumarket.lt\/lt\/product\/finn-bst-1609-75-fameg\/","title":{"rendered":"Finn BST-1609\/75 Fameg"},"content":{"rendered":"<p><strong>Produkto apra\u0161ymas<\/strong><\/p>\n<p>\u201eFinn BST \u2013 1609\/75\u201c auk\u0161tas \u201eHocker\u201c baldas puikiai tinka bet kuriai moderniai virtuvei ar svetainei. Bald\u0173 skandinavi\u0161k\u0105 charakter\u012f pabr\u0117\u017eia auk\u0161tos kokyb\u0117s nat\u016bralios \u017ealiavos. Profiliuota, ergonomi\u0161ka s\u0117dyn\u0117 pagaminta i\u0161 deformacijai atsparios kietmed\u017eio faneros, o lieknos, eleganti\u0161kos kojel\u0117s \u2013 i\u0161 buko medienos. \u201eHoker\u201c baldas si\u016blomas pla\u010diame mading\u0173 spalv\u0173 gamoje, kuri\u0173 ra\u0161tai pateikiami gaminio vedlyje. Taburet\u0117 taip pat si\u016bloma su apmu\u0161alais ir \u017eemesne s\u0117dyne.<\/p>","protected":false},"excerpt":{"rendered":"<p><strong>Produkto parametrai<\/strong><\/p>\n<p>Plotis: 48 cm<br \/>\nGylis: 42 cm<br \/>\nAuk\u0161tis: 75 cm<br \/>\nS\u0117dyn\u0117s auk\u0161tis: 75 cm<br \/>\nBald\u0173 spalva: pasirinkti gaminio vedlyje<br \/>\nKoja: tvirta buko mediena<br \/>\nStilius: Modernus<br \/>\nMed\u017eiaga: med\u017eio masyvas \/ fanera<br \/>\nPorankiai: Ne<br \/>\nGarantija: 2 metai<\/p>","protected":false},"featured_media":104876,"comment_status":"open","ping_status":"closed","template":"","meta":[],"product_brand":[],"product_cat":[1930,2256,9119],"product_tag":[],"class_list":{"0":"post-110459","1":"product","2":"type-product","3":"status-publish","4":"has-post-thumbnail","6":"product_cat-chairs","7":"product_cat-fameg","8":"product_cat-fameg-bar-chairs","10":"first","11":"instock","12":"shipping-taxable","13":"product-type-grouped"},"_links":{"self":[{"href":"https:\/\/baldumarket.lt\/lt\/wp-json\/wp\/v2\/product\/110459","targetHints":{"allow":["GET"]}}],"collection":[{"href":"https:\/\/baldumarket.lt\/lt\/wp-json\/wp\/v2\/product"}],"about":[{"href":"https:\/\/baldumarket.lt\/lt\/wp-json\/wp\/v2\/types\/product"}],"replies":[{"embeddable":true,"href":"https:\/\/baldumarket.lt\/lt\/wp-json\/wp\/v2\/comments?post=110459"}],"wp:featuredmedia":[{"embeddable":true,"href":"https:\/\/baldumarket.lt\/lt\/wp-json\/wp\/v2\/media\/104876"}],"wp:attachment":[{"href":"https:\/\/baldumarket.lt\/lt\/wp-json\/wp\/v2\/media?parent=110459"}],"wp:term":[{"taxonomy":"product_brand","embeddable":true,"href":"https:\/\/baldumarket.lt\/lt\/wp-json\/wp\/v2\/product_brand?post=110459"},{"taxonomy":"product_cat","embeddable":true,"href":"https:\/\/baldumarket.lt\/lt\/wp-json\/wp\/v2\/product_cat?post=110459"},{"taxonomy":"product_tag","embeddable":true,"href":"https:\/\/baldumarket.lt\/lt\/wp-json\/wp\/v2\/product_tag?post=110459"}],"curies":[{"name":"wp","href":"https:\/\/api.w.org\/{rel}","templated":true}]}}