{"id":110455,"date":"2025-12-08T20:42:58","date_gmt":"2025-12-08T17:42:58","guid":{"rendered":"https:\/\/baldumarket.lt\/?post_type=product&#038;p=110455"},"modified":"2026-02-03T23:42:02","modified_gmt":"2026-02-03T20:42:02","slug":"finn-a-1609-fameg","status":"publish","type":"product","link":"https:\/\/baldumarket.lt\/lt\/product\/finn-a-1609-fameg\/","title":{"rendered":"Finn A-1609 Fameg"},"content":{"rendered":"<p><strong>Produkto apra\u0161ymas<\/strong><\/p>\n<p>Minimalistin\u0117s formos buko k\u0117d\u0117 \u201eFinn A-1609\u201c, ai\u0161kiai primenanti skandinavi\u0161k\u0173 bald\u0173 stili\u0173, buvo sukurta i\u0161 deformacijai atsparios ir patvarios buko medienos bei patvarios faneros. Baldai i\u0161siskiria ergonomi\u0161ka forma ir puikiai tiks tiek nam\u0173 virtuv\u0117je, tiek valgomajame, tiek vie\u0161butyje, bare ar restorane. Mink\u0161ta, patogi s\u0117dyn\u0117 gali b\u016bti su gamini\u0173 vedlyje pateiktais apmu\u0161al\u0173 audiniais ir medin\u0117s lentynos spalvomis.<\/p>","protected":false},"excerpt":{"rendered":"<p><strong>Produkto parametrai<\/strong><\/p>\n<p>Plotis: 43 cm<br \/>\nGylis: 48 cm<br \/>\nAuk\u0161tis: 79 cm<br \/>\nS\u0117dyn\u0117s auk\u0161tis: 49 cm<br \/>\nBald\u0173 spalva: pasirinkti gaminio vedlyje<br \/>\nKoja: tvirta buko mediena<br \/>\nStilius: Modernus<br \/>\nMed\u017eiaga: med\u017eio masyvas \/ fanera \/ audinys arba nat\u016brali oda<br \/>\nPorankiai: Ne<br \/>\nGarantija: 2 metai<\/p>","protected":false},"featured_media":104749,"comment_status":"open","ping_status":"closed","template":"","meta":[],"product_brand":[],"product_cat":[1930,2256,2451],"product_tag":[],"class_list":{"0":"post-110455","1":"product","2":"type-product","3":"status-publish","4":"has-post-thumbnail","6":"product_cat-chairs","7":"product_cat-fameg","8":"product_cat-fameg-chairs","10":"first","11":"instock","12":"shipping-taxable","13":"product-type-grouped"},"_links":{"self":[{"href":"https:\/\/baldumarket.lt\/lt\/wp-json\/wp\/v2\/product\/110455","targetHints":{"allow":["GET"]}}],"collection":[{"href":"https:\/\/baldumarket.lt\/lt\/wp-json\/wp\/v2\/product"}],"about":[{"href":"https:\/\/baldumarket.lt\/lt\/wp-json\/wp\/v2\/types\/product"}],"replies":[{"embeddable":true,"href":"https:\/\/baldumarket.lt\/lt\/wp-json\/wp\/v2\/comments?post=110455"}],"wp:featuredmedia":[{"embeddable":true,"href":"https:\/\/baldumarket.lt\/lt\/wp-json\/wp\/v2\/media\/104749"}],"wp:attachment":[{"href":"https:\/\/baldumarket.lt\/lt\/wp-json\/wp\/v2\/media?parent=110455"}],"wp:term":[{"taxonomy":"product_brand","embeddable":true,"href":"https:\/\/baldumarket.lt\/lt\/wp-json\/wp\/v2\/product_brand?post=110455"},{"taxonomy":"product_cat","embeddable":true,"href":"https:\/\/baldumarket.lt\/lt\/wp-json\/wp\/v2\/product_cat?post=110455"},{"taxonomy":"product_tag","embeddable":true,"href":"https:\/\/baldumarket.lt\/lt\/wp-json\/wp\/v2\/product_tag?post=110455"}],"curies":[{"name":"wp","href":"https:\/\/api.w.org\/{rel}","templated":true}]}}