{"id":110454,"date":"2025-12-08T20:42:57","date_gmt":"2025-12-08T17:42:57","guid":{"rendered":"https:\/\/baldumarket.lt\/?post_type=product&#038;p=110454"},"modified":"2026-04-13T17:25:15","modified_gmt":"2026-04-13T14:25:15","slug":"fame-b-0620-fameg","status":"publish","type":"product","link":"https:\/\/baldumarket.lt\/lt\/product\/fame-b-0620-fameg\/","title":{"rendered":"\u0160lov\u0117 B-0620 Fameg"},"content":{"rendered":"<p><strong>Produkto apra\u0161ymas<\/strong><\/p>\n<p>\u201eFama B-0620\u201c fotelis su porankiais ir mink\u0161ta, apmu\u0161ta s\u0117dyne sukurtas i\u0161 deformacijai atsparios ir patvarios buko medienos bei ant pagrindo u\u017ed\u0117tos patvarios, profiliuotos kietmed\u017eio faneros. Baldai puikiai tiks tiek nam\u0173 virtuv\u0117je, tiek svetain\u0117je, tiek sve\u010di\u0173 namuose, bare ar skoningame restorane. Minimalistinis, nesenstantis dizainas suteikia kambariams presti\u017ein\u0117s elegancijos. K\u0117d\u0117 gaminama i\u0161 pla\u010dios spalv\u0173 gamos. Produkto \u201eWizard\u201c \u012fskiepyje patalpinti spalv\u0173 trafaretai ir apmu\u0161al\u0173 audini\u0173 trafaretai.<\/p>","protected":false},"excerpt":{"rendered":"<p><strong>Produkto parametrai<\/strong><\/p>\n<p>Plotis: 55 cm<br \/>\nGylis: 55 cm<br \/>\nAuk\u0161tis: 81 cm<br \/>\nS\u0117dyn\u0117s auk\u0161tis: 49 cm<br \/>\nBald\u0173 spalva: pasirinkti gaminio vedlyje<br \/>\nKoja: tvirta buko mediena<br \/>\nStilius: Modernus<br \/>\nMed\u017eiaga: med\u017eio masyvas \/ audinys arba oda<br \/>\nPorankiai: Taip<br \/>\nGarantija: 2 metai<\/p>","protected":false},"featured_media":104715,"comment_status":"open","ping_status":"closed","template":"","meta":[],"product_brand":[],"product_cat":[1930,2256,2452],"product_tag":[],"class_list":{"0":"post-110454","1":"product","2":"type-product","3":"status-publish","4":"has-post-thumbnail","6":"product_cat-chairs","7":"product_cat-fameg","8":"product_cat-fameg-armchairs","10":"first","11":"instock","12":"shipping-taxable","13":"product-type-grouped"},"_links":{"self":[{"href":"https:\/\/baldumarket.lt\/lt\/wp-json\/wp\/v2\/product\/110454","targetHints":{"allow":["GET"]}}],"collection":[{"href":"https:\/\/baldumarket.lt\/lt\/wp-json\/wp\/v2\/product"}],"about":[{"href":"https:\/\/baldumarket.lt\/lt\/wp-json\/wp\/v2\/types\/product"}],"replies":[{"embeddable":true,"href":"https:\/\/baldumarket.lt\/lt\/wp-json\/wp\/v2\/comments?post=110454"}],"wp:featuredmedia":[{"embeddable":true,"href":"https:\/\/baldumarket.lt\/lt\/wp-json\/wp\/v2\/media\/104715"}],"wp:attachment":[{"href":"https:\/\/baldumarket.lt\/lt\/wp-json\/wp\/v2\/media?parent=110454"}],"wp:term":[{"taxonomy":"product_brand","embeddable":true,"href":"https:\/\/baldumarket.lt\/lt\/wp-json\/wp\/v2\/product_brand?post=110454"},{"taxonomy":"product_cat","embeddable":true,"href":"https:\/\/baldumarket.lt\/lt\/wp-json\/wp\/v2\/product_cat?post=110454"},{"taxonomy":"product_tag","embeddable":true,"href":"https:\/\/baldumarket.lt\/lt\/wp-json\/wp\/v2\/product_tag?post=110454"}],"curies":[{"name":"wp","href":"https:\/\/api.w.org\/{rel}","templated":true}]}}