{"id":110452,"date":"2025-12-08T20:42:57","date_gmt":"2025-12-08T17:42:57","guid":{"rendered":"https:\/\/baldumarket.lt\/?post_type=product&#038;p=110452"},"modified":"2026-04-17T12:18:20","modified_gmt":"2026-04-17T09:18:20","slug":"fala-b-1906-fameg","status":"publish","type":"product","link":"https:\/\/baldumarket.lt\/lt\/product\/fala-b-1906-fameg\/","title":{"rendered":"Wave B-1906 Fameg"},"content":{"rendered":"<p><strong>Produkto apra\u0161ymas<\/strong><\/p>\n<p>D\u0117l savo \u201cmink\u0161to\u201d dizaino \u201ewave B-1906\u201c k\u0117d\u0117 priskiriama klasikin\u0117ms lenktoms k\u0117d\u0117ms. Ji sukurta i\u0161 deformacijai atsparios ir patvarios buko medienos bei patvarios, profiliuotos kietmed\u017eio faneros, u\u017ed\u0117tos ant atlo\u0161o ir s\u0117dyn\u0117s. Baldai puikiai tiks tiek nam\u0173 virtuv\u0117je, tiek svetain\u0117je, tiek sve\u010di\u0173 namuose, bare ar kavin\u0117je. D\u0117l specialaus dizaino juos galima sukrauti vien\u0105 ant kito, tod\u0117l transportuojant ir sand\u0117liuojant u\u017eimama ma\u017eai vietos. K\u0117d\u0117 gaminama i\u0161 pla\u010dios spalv\u0173 gamos. Spalv\u0173 trafaretai \u012fd\u0117ti \u012f gaminio vedl\u012f.<\/p>","protected":false},"excerpt":{"rendered":"<p><strong>Produkto parametrai<\/strong><\/p>\n<p>Plotis: 56 cm<br \/>\nGylis: 48 cm<br \/>\nAuk\u0161tis: 76 cm<br \/>\nS\u0117dyn\u0117s auk\u0161tis: 46 cm<br \/>\nBald\u0173 spalva: pasirinkti gaminio vedlyje<br \/>\nKoja: tvirta buko mediena<br \/>\nStilius: Modernus<br \/>\nMed\u017eiaga: med\u017eio masyvas \/ fanera<br \/>\nPorankiai: Taip<br \/>\nGarantija: 2 metai<\/p>","protected":false},"featured_media":104647,"comment_status":"open","ping_status":"closed","template":"","meta":[],"product_brand":[],"product_cat":[1930,2256,2451],"product_tag":[],"class_list":{"0":"post-110452","1":"product","2":"type-product","3":"status-publish","4":"has-post-thumbnail","6":"product_cat-chairs","7":"product_cat-fameg","8":"product_cat-fameg-chairs","10":"first","11":"instock","12":"shipping-taxable","13":"product-type-grouped"},"_links":{"self":[{"href":"https:\/\/baldumarket.lt\/lt\/wp-json\/wp\/v2\/product\/110452","targetHints":{"allow":["GET"]}}],"collection":[{"href":"https:\/\/baldumarket.lt\/lt\/wp-json\/wp\/v2\/product"}],"about":[{"href":"https:\/\/baldumarket.lt\/lt\/wp-json\/wp\/v2\/types\/product"}],"replies":[{"embeddable":true,"href":"https:\/\/baldumarket.lt\/lt\/wp-json\/wp\/v2\/comments?post=110452"}],"wp:featuredmedia":[{"embeddable":true,"href":"https:\/\/baldumarket.lt\/lt\/wp-json\/wp\/v2\/media\/104647"}],"wp:attachment":[{"href":"https:\/\/baldumarket.lt\/lt\/wp-json\/wp\/v2\/media?parent=110452"}],"wp:term":[{"taxonomy":"product_brand","embeddable":true,"href":"https:\/\/baldumarket.lt\/lt\/wp-json\/wp\/v2\/product_brand?post=110452"},{"taxonomy":"product_cat","embeddable":true,"href":"https:\/\/baldumarket.lt\/lt\/wp-json\/wp\/v2\/product_cat?post=110452"},{"taxonomy":"product_tag","embeddable":true,"href":"https:\/\/baldumarket.lt\/lt\/wp-json\/wp\/v2\/product_tag?post=110452"}],"curies":[{"name":"wp","href":"https:\/\/api.w.org\/{rel}","templated":true}]}}