{"id":110451,"date":"2025-12-08T20:42:56","date_gmt":"2025-12-08T17:42:56","guid":{"rendered":"https:\/\/baldumarket.lt\/?post_type=product&#038;p=110451"},"modified":"2026-04-11T22:40:59","modified_gmt":"2026-04-11T19:40:59","slug":"fala-a-1906-fameg","status":"publish","type":"product","link":"https:\/\/baldumarket.lt\/lt\/product\/fala-a-1906-fameg\/","title":{"rendered":"Banga A-1906 Fameg"},"content":{"rendered":"<p><strong>Produkto apra\u0161ymas<\/strong><\/p>\n<p>Buko k\u0117d\u0117 \u201eWAVE A-1906\u201c sukurta i\u0161 deformacijai atsparios ir patvarios buko medienos bei patvarios, profiliuotos faneros, u\u017ed\u0117tos ant atlo\u0161o ir s\u0117dyn\u0117s. Baldai puikiai tiks tiek nam\u0173 virtuv\u0117je, tiek svetain\u0117je, tiek sve\u010di\u0173 namuose, bare ar kavin\u0117je. D\u0117l specialaus dizaino juos galima sukrauti vien\u0105 ant kito, tod\u0117l transportuojant ir sand\u0117liuojant u\u017eimama ma\u017eai vietos. K\u0117d\u0117 gaminama i\u0161 pla\u010dios spalv\u0173 gamos. Spalv\u0173 trafaretai \u012fd\u0117ti \u012f gaminio vedl\u012f.<\/p>","protected":false},"excerpt":{"rendered":"<p><strong>Produkto parametrai<\/strong><\/p>\n<p>Plotis: 47 cm<br \/>\nGylis: 52 cm<br \/>\nAuk\u0161tis: 80 cm<br \/>\nS\u0117dyn\u0117s auk\u0161tis: 46 cm<br \/>\nBald\u0173 spalva: pasirinkti gaminio vedlyje<br \/>\nKoja: tvirta buko mediena<br \/>\nStilius: Modernus<br \/>\nMed\u017eiaga: Tvirta mediena \/ fanera<br \/>\nPorankiai: Ne<br \/>\nGarantija: 2 metai<\/p>","protected":false},"featured_media":104613,"comment_status":"open","ping_status":"closed","template":"","meta":[],"product_brand":[],"product_cat":[1930,2256,2451],"product_tag":[],"class_list":{"0":"post-110451","1":"product","2":"type-product","3":"status-publish","4":"has-post-thumbnail","6":"product_cat-chairs","7":"product_cat-fameg","8":"product_cat-fameg-chairs","10":"first","11":"instock","12":"shipping-taxable","13":"product-type-grouped"},"_links":{"self":[{"href":"https:\/\/baldumarket.lt\/lt\/wp-json\/wp\/v2\/product\/110451","targetHints":{"allow":["GET"]}}],"collection":[{"href":"https:\/\/baldumarket.lt\/lt\/wp-json\/wp\/v2\/product"}],"about":[{"href":"https:\/\/baldumarket.lt\/lt\/wp-json\/wp\/v2\/types\/product"}],"replies":[{"embeddable":true,"href":"https:\/\/baldumarket.lt\/lt\/wp-json\/wp\/v2\/comments?post=110451"}],"wp:featuredmedia":[{"embeddable":true,"href":"https:\/\/baldumarket.lt\/lt\/wp-json\/wp\/v2\/media\/104613"}],"wp:attachment":[{"href":"https:\/\/baldumarket.lt\/lt\/wp-json\/wp\/v2\/media?parent=110451"}],"wp:term":[{"taxonomy":"product_brand","embeddable":true,"href":"https:\/\/baldumarket.lt\/lt\/wp-json\/wp\/v2\/product_brand?post=110451"},{"taxonomy":"product_cat","embeddable":true,"href":"https:\/\/baldumarket.lt\/lt\/wp-json\/wp\/v2\/product_cat?post=110451"},{"taxonomy":"product_tag","embeddable":true,"href":"https:\/\/baldumarket.lt\/lt\/wp-json\/wp\/v2\/product_tag?post=110451"}],"curies":[{"name":"wp","href":"https:\/\/api.w.org\/{rel}","templated":true}]}}