{"id":110449,"date":"2025-12-08T20:42:56","date_gmt":"2025-12-08T17:42:56","guid":{"rendered":"https:\/\/baldumarket.lt\/?post_type=product&#038;p=110449"},"modified":"2026-02-03T23:42:03","modified_gmt":"2026-02-03T20:42:03","slug":"diana-bst-0253-fameg","status":"publish","type":"product","link":"https:\/\/baldumarket.lt\/lt\/product\/diana-bst-0253-fameg\/","title":{"rendered":"Diana BST-0253 Fameg"},"content":{"rendered":"<p>Produkto apra\u0161ymas<\/p>\n<p>\u201eDiana BST-0253\u201c baro k\u0117d\u0117 i\u0161siskiria auk\u0161tu, mink\u0161tu, ovaliu atlo\u0161u ir patogia, mink\u0161ta s\u0117dyne. Baldas pagamintas i\u0161 patvarios kietmed\u017eio faneros ir patvarios buko medienos. D\u0117l auk\u0161tos kokyb\u0117s gamybos med\u017eiag\u0173 naudojimo jis daugel\u012f met\u0173 d\u017eiugins nepakitusia i\u0161vaizda. Baldus suk\u016br\u0117 Stanis\u0142aw Haraziak, \u017eymus interjero architektas ir funkcini\u0173 bald\u0173 dizaineris. Baro k\u0117d\u0117 si\u016bloma \u012fvairi\u0173 mading\u0173 spalv\u0173 ir apmu\u0161al\u0173 audini\u0173, kuri\u0173 ra\u0161tai pateikiami gaminio vedlyje.<\/p>","protected":false},"excerpt":{"rendered":"<p><strong>Produkto parametrai<\/strong><\/p>\n<p>Plotis: 42 cm<br \/>\nGylis: 53 cm<br \/>\n\u016agis: 121 cm<br \/>\nS\u0117dyn\u0117s auk\u0161tis: 78 cm<br \/>\nBald\u0173 spalva: pasirinkti gaminio vedlyje<br \/>\nKoja: tvirta buko mediena<br \/>\nStilius: Modernus<br \/>\nMed\u017eiaga: med\u017eio masyvas \/ fanera \/ audinys arba nat\u016brali oda<br \/>\nPorankiai: Ne<br \/>\nGarantija: 2 metai<\/p>","protected":false},"featured_media":104550,"comment_status":"open","ping_status":"closed","template":"","meta":[],"product_brand":[],"product_cat":[1930,2256,9119],"product_tag":[],"class_list":{"0":"post-110449","1":"product","2":"type-product","3":"status-publish","4":"has-post-thumbnail","6":"product_cat-chairs","7":"product_cat-fameg","8":"product_cat-fameg-bar-chairs","10":"first","11":"instock","12":"shipping-taxable","13":"product-type-grouped"},"_links":{"self":[{"href":"https:\/\/baldumarket.lt\/lt\/wp-json\/wp\/v2\/product\/110449","targetHints":{"allow":["GET"]}}],"collection":[{"href":"https:\/\/baldumarket.lt\/lt\/wp-json\/wp\/v2\/product"}],"about":[{"href":"https:\/\/baldumarket.lt\/lt\/wp-json\/wp\/v2\/types\/product"}],"replies":[{"embeddable":true,"href":"https:\/\/baldumarket.lt\/lt\/wp-json\/wp\/v2\/comments?post=110449"}],"wp:featuredmedia":[{"embeddable":true,"href":"https:\/\/baldumarket.lt\/lt\/wp-json\/wp\/v2\/media\/104550"}],"wp:attachment":[{"href":"https:\/\/baldumarket.lt\/lt\/wp-json\/wp\/v2\/media?parent=110449"}],"wp:term":[{"taxonomy":"product_brand","embeddable":true,"href":"https:\/\/baldumarket.lt\/lt\/wp-json\/wp\/v2\/product_brand?post=110449"},{"taxonomy":"product_cat","embeddable":true,"href":"https:\/\/baldumarket.lt\/lt\/wp-json\/wp\/v2\/product_cat?post=110449"},{"taxonomy":"product_tag","embeddable":true,"href":"https:\/\/baldumarket.lt\/lt\/wp-json\/wp\/v2\/product_tag?post=110449"}],"curies":[{"name":"wp","href":"https:\/\/api.w.org\/{rel}","templated":true}]}}