{"id":110448,"date":"2025-12-08T20:42:55","date_gmt":"2025-12-08T17:42:55","guid":{"rendered":"https:\/\/baldumarket.lt\/?post_type=product&#038;p=110448"},"modified":"2026-02-03T23:42:03","modified_gmt":"2026-02-03T20:42:03","slug":"diana-b-0253-fameg","status":"publish","type":"product","link":"https:\/\/baldumarket.lt\/lt\/product\/diana-b-0253-fameg\/","title":{"rendered":"Diana B-0253 Fameg"},"content":{"rendered":"<p><strong>Produkto apra\u0161ymas<\/strong><\/p>\n<p>Buko k\u0117d\u0117 su porankiais Diana B-0253 Fameg \u017eavi klasikiniu moderniu dizainu ir auk\u0161ta gamybos kokybe. Baldas turi patog\u0173, apval\u0173 atlo\u0161\u0105, kurio vidus aptrauktas mink\u0161tu apmu\u0161alu. R\u016bpinantis naudotojo patogumu, jis buvo specialiai suformuotas taip, kad paremt\u0173 stubur\u0105 keliose pa\u017eeid\u017eiamose vietose. Apatin\u0117je centrin\u0117je baldo dalyje yra mink\u0161ta, aptraukta s\u0117dyn\u0117, o po ja \u2013 medin\u0117s, buko kojel\u0117s. Pilni mediniai porankiai suteikia puiki\u0105 atram\u0105 pe\u010diams. K\u0117des suprojektavo \u017eymus architektas ir daugelio apdovanojim\u0173 laureatas Stanis\u0142aw Charaziak, jos pagamintos i\u0161 auk\u0161tos kokyb\u0117s gamybos med\u017eiag\u0173, kurios garantuoja ilgalaik\u012f ir nekintam\u0105 j\u0173 naudojim\u0105. Profiliuota, buko grindimis dengta fanera ir auk\u0161tos kokyb\u0117s buko mediena sudaro \u0161ios unikalios ir patvarios k\u0117d\u0117s pagrind\u0105. Audini\u0173 ir od\u0173 ra\u0161tai bei medienos spalv\u0173 ra\u0161tai dedami \u012f gaminio \u201eWizard\u201c \u012frank\u012f.<\/p>","protected":false},"excerpt":{"rendered":"<p><strong>Produkto parametrai<\/strong><\/p>\n<p>Plotis: 59 cm<br \/>\nGylis: 58 cm<br \/>\nAuk\u0161tis: 94 cm<br \/>\nS\u0117dyn\u0117s auk\u0161tis: 48 cm<br \/>\nBald\u0173 spalva: pasirinkti gaminio vedlyje<br \/>\nKoja: tvirta buko mediena<br \/>\nStilius: Modernus<br \/>\nMed\u017eiaga: med\u017eio masyvas \/ fanera \/ audinys arba nat\u016brali oda<br \/>\nPorankiai: Taip<br \/>\nGarantija: 2 metai<\/p>","protected":false},"featured_media":104517,"comment_status":"open","ping_status":"closed","template":"","meta":[],"product_brand":[],"product_cat":[1930,2256,2452],"product_tag":[],"class_list":{"0":"post-110448","1":"product","2":"type-product","3":"status-publish","4":"has-post-thumbnail","6":"product_cat-chairs","7":"product_cat-fameg","8":"product_cat-fameg-armchairs","10":"first","11":"instock","12":"shipping-taxable","13":"product-type-grouped"},"_links":{"self":[{"href":"https:\/\/baldumarket.lt\/lt\/wp-json\/wp\/v2\/product\/110448","targetHints":{"allow":["GET"]}}],"collection":[{"href":"https:\/\/baldumarket.lt\/lt\/wp-json\/wp\/v2\/product"}],"about":[{"href":"https:\/\/baldumarket.lt\/lt\/wp-json\/wp\/v2\/types\/product"}],"replies":[{"embeddable":true,"href":"https:\/\/baldumarket.lt\/lt\/wp-json\/wp\/v2\/comments?post=110448"}],"wp:featuredmedia":[{"embeddable":true,"href":"https:\/\/baldumarket.lt\/lt\/wp-json\/wp\/v2\/media\/104517"}],"wp:attachment":[{"href":"https:\/\/baldumarket.lt\/lt\/wp-json\/wp\/v2\/media?parent=110448"}],"wp:term":[{"taxonomy":"product_brand","embeddable":true,"href":"https:\/\/baldumarket.lt\/lt\/wp-json\/wp\/v2\/product_brand?post=110448"},{"taxonomy":"product_cat","embeddable":true,"href":"https:\/\/baldumarket.lt\/lt\/wp-json\/wp\/v2\/product_cat?post=110448"},{"taxonomy":"product_tag","embeddable":true,"href":"https:\/\/baldumarket.lt\/lt\/wp-json\/wp\/v2\/product_tag?post=110448"}],"curies":[{"name":"wp","href":"https:\/\/api.w.org\/{rel}","templated":true}]}}