{"id":110447,"date":"2025-12-08T20:42:55","date_gmt":"2025-12-08T17:42:55","guid":{"rendered":"https:\/\/baldumarket.lt\/?post_type=product&#038;p=110447"},"modified":"2026-02-03T23:42:03","modified_gmt":"2026-02-03T20:42:03","slug":"diana-a-0253-fameg","status":"publish","type":"product","link":"https:\/\/baldumarket.lt\/lt\/product\/diana-a-0253-fameg\/","title":{"rendered":"Diana A-0253 Fameg"},"content":{"rendered":"<p><strong>Produkto apra\u0161ymas<\/strong><\/p>\n<p>Unikalaus gro\u017eio klasikin\u0117 buko k\u0117d\u0117 Diana A-0253 Fameg \u017eavi klasikiniu moderniu stiliumi ir auk\u0161tos kokyb\u0117s gamyba. Baldas turi patog\u0173, apval\u0173 atlo\u0161\u0105, kurio vidus aptrauktas mink\u0161tu apmu\u0161alu. R\u016bpinantis naudotojo patogumu, jis buvo specialiai suformuotas taip, kad palaikyt\u0173 stubur\u0105 juosmens ir pe\u010di\u0173 srityje. Apatin\u0117je baldo dalyje yra mink\u0161ta, aptraukta s\u0117dyn\u0117 ir medin\u0117s, buko kojos. K\u0117des suprojektavo \u017eymus architektas ir daugelio apdovanojim\u0173 laureatas Stanis\u0142aw Charaziak, jos pagamintos i\u0161 auk\u0161tos kokyb\u0117s gamybos med\u017eiag\u0173, kurios garantuoja ilgalaik\u012f ir nekintam\u0105 j\u0173 naudojim\u0105. Profiliuota, buku dengta fanera ir auk\u0161tos kokyb\u0117s buko mediena sudaro \u0161ios unikalios ir patvarios k\u0117d\u0117s pagrind\u0105. Audini\u0173 ir od\u0173 ra\u0161tai bei medienos spalv\u0173 ra\u0161tai dedami \u012f gaminio \u201eWizard\u201c dizain\u0105.<\/p>","protected":false},"excerpt":{"rendered":"<p><strong>Produkto parametrai<\/strong><\/p>\n<p>Plotis: 42 cm<br \/>\nGylis: 52 cm<br \/>\nAuk\u0161tis: 94 cm<br \/>\nS\u0117dyn\u0117s auk\u0161tis: 48 cm<br \/>\nBald\u0173 spalva: pasirinkti gaminio vedlyje<br \/>\nKoja: tvirta buko mediena<br \/>\nStilius: Modernus<br \/>\nMed\u017eiaga: med\u017eio masyvas \/ fanera \/ audinys arba nat\u016brali oda<br \/>\nPorankiai: Ne<br \/>\nGarantija: 2 metai<\/p>","protected":false},"featured_media":104484,"comment_status":"open","ping_status":"closed","template":"","meta":[],"product_brand":[],"product_cat":[1930,2256,2451],"product_tag":[],"class_list":{"0":"post-110447","1":"product","2":"type-product","3":"status-publish","4":"has-post-thumbnail","6":"product_cat-chairs","7":"product_cat-fameg","8":"product_cat-fameg-chairs","10":"first","11":"instock","12":"shipping-taxable","13":"product-type-grouped"},"_links":{"self":[{"href":"https:\/\/baldumarket.lt\/lt\/wp-json\/wp\/v2\/product\/110447","targetHints":{"allow":["GET"]}}],"collection":[{"href":"https:\/\/baldumarket.lt\/lt\/wp-json\/wp\/v2\/product"}],"about":[{"href":"https:\/\/baldumarket.lt\/lt\/wp-json\/wp\/v2\/types\/product"}],"replies":[{"embeddable":true,"href":"https:\/\/baldumarket.lt\/lt\/wp-json\/wp\/v2\/comments?post=110447"}],"wp:featuredmedia":[{"embeddable":true,"href":"https:\/\/baldumarket.lt\/lt\/wp-json\/wp\/v2\/media\/104484"}],"wp:attachment":[{"href":"https:\/\/baldumarket.lt\/lt\/wp-json\/wp\/v2\/media?parent=110447"}],"wp:term":[{"taxonomy":"product_brand","embeddable":true,"href":"https:\/\/baldumarket.lt\/lt\/wp-json\/wp\/v2\/product_brand?post=110447"},{"taxonomy":"product_cat","embeddable":true,"href":"https:\/\/baldumarket.lt\/lt\/wp-json\/wp\/v2\/product_cat?post=110447"},{"taxonomy":"product_tag","embeddable":true,"href":"https:\/\/baldumarket.lt\/lt\/wp-json\/wp\/v2\/product_tag?post=110447"}],"curies":[{"name":"wp","href":"https:\/\/api.w.org\/{rel}","templated":true}]}}