{"id":110446,"date":"2025-12-08T20:42:34","date_gmt":"2025-12-08T17:42:34","guid":{"rendered":"https:\/\/baldumarket.lt\/?post_type=product&#038;p=110446"},"modified":"2026-04-12T18:19:39","modified_gmt":"2026-04-12T15:19:39","slug":"cube-b-1523-fameg","status":"publish","type":"product","link":"https:\/\/baldumarket.lt\/lt\/product\/cube-b-1523-fameg\/","title":{"rendered":"Kubas B-1523 Fameg"},"content":{"rendered":"<p><strong>Produkto apra\u0161ymas<\/strong><\/p>\n<p>Modernus \u201eCube B-1523\u201c fotelis \u017eavi savo klubiniu dizainu, kur\u012f pabr\u0117\u017eia apmu\u0161tas atlo\u0161as, kurio \u0161onai i\u0161ry\u0161kinti patogi\u0173 poranki\u0173 pavidalu. Mink\u0161ta ir patogi s\u0117dyn\u0117 pastatyta ant auk\u0161t\u0173 buko kojeli\u0173, kurios suteikia jausmingo lengvumo visumai. K\u0117d\u0117 pagaminta i\u0161 patvarios ir ilgaam\u017e\u0117s profiliuotos faneros bei buko medienos. Baldai pagaminti pagal i\u0161skirtinio interjero architekto ir funkcini\u0173 bald\u0173 dizainerio, daugyb\u0117s apdovanojim\u0173 laureato Andrzejaus L\u0119ckosios dizain\u0105. K\u0117d\u0117 si\u016bloma su \u012fvairiais apmu\u0161al\u0173 audiniais ir nat\u016bralia oda. \u012e gaminio \u201eWizard\u201c sud\u0117t\u012f \u012feina med\u017eio spalv\u0173 ir audini\u0173 trafaretai. K\u0117d\u0117 taip pat yra \u0105\u017euolo versijos.<\/p>","protected":false},"excerpt":{"rendered":"<p><strong>Produkto parametrai<\/strong><\/p>\n<p>Plotis: 57 cm<br \/>\nGylis: 56 cm<br \/>\nAuk\u0161tis: 71 cm<br \/>\nS\u0117dyn\u0117s auk\u0161tis: 47 cm<br \/>\nBald\u0173 spalva: pasirinkti gaminio vedlyje<br \/>\nKoja: tvirta buko mediena<br \/>\nStilius: Modernus<br \/>\nMed\u017eiaga: med\u017eio masyvas \/ fanera \/ audinys arba nat\u016brali oda<br \/>\nPorankiai: Taip<br \/>\nGarantija: 2 metai<\/p>","protected":false},"featured_media":104451,"comment_status":"open","ping_status":"closed","template":"","meta":[],"product_brand":[],"product_cat":[1930,2256],"product_tag":[],"class_list":{"0":"post-110446","1":"product","2":"type-product","3":"status-publish","4":"has-post-thumbnail","6":"product_cat-chairs","7":"product_cat-fameg","9":"first","10":"instock","11":"shipping-taxable","12":"product-type-grouped"},"_links":{"self":[{"href":"https:\/\/baldumarket.lt\/lt\/wp-json\/wp\/v2\/product\/110446","targetHints":{"allow":["GET"]}}],"collection":[{"href":"https:\/\/baldumarket.lt\/lt\/wp-json\/wp\/v2\/product"}],"about":[{"href":"https:\/\/baldumarket.lt\/lt\/wp-json\/wp\/v2\/types\/product"}],"replies":[{"embeddable":true,"href":"https:\/\/baldumarket.lt\/lt\/wp-json\/wp\/v2\/comments?post=110446"}],"wp:featuredmedia":[{"embeddable":true,"href":"https:\/\/baldumarket.lt\/lt\/wp-json\/wp\/v2\/media\/104451"}],"wp:attachment":[{"href":"https:\/\/baldumarket.lt\/lt\/wp-json\/wp\/v2\/media?parent=110446"}],"wp:term":[{"taxonomy":"product_brand","embeddable":true,"href":"https:\/\/baldumarket.lt\/lt\/wp-json\/wp\/v2\/product_brand?post=110446"},{"taxonomy":"product_cat","embeddable":true,"href":"https:\/\/baldumarket.lt\/lt\/wp-json\/wp\/v2\/product_cat?post=110446"},{"taxonomy":"product_tag","embeddable":true,"href":"https:\/\/baldumarket.lt\/lt\/wp-json\/wp\/v2\/product_tag?post=110446"}],"curies":[{"name":"wp","href":"https:\/\/api.w.org\/{rel}","templated":true}]}}